{"id":386,"date":"2024-06-05T07:20:57","date_gmt":"2024-06-05T07:20:57","guid":{"rendered":"https:\/\/ikincielesya.afacanbilgi.com\/cikma\/?page_id=386"},"modified":"2025-01-17T09:12:18","modified_gmt":"2025-01-17T06:12:18","slug":"iletisim","status":"publish","type":"page","link":"https:\/\/ikincielesya.afacanbilgi.com\/cikma\/iletisim\/","title":{"rendered":"ileti\u015fim"},"content":{"rendered":"<p><img loading=\"lazy\" decoding=\"async\" class=\"aligncenter size-full wp-image-387\" src=\"https:\/\/ikincielesya.afacanbilgi.com\/cikma\/wp-content\/uploads\/2024\/06\/iletisim1.jpg\" alt=\"\" width=\"800\" height=\"500\" title=\"\" srcset=\"https:\/\/ikincielesya.afacanbilgi.com\/cikma\/wp-content\/uploads\/2024\/06\/iletisim1.jpg 800w, https:\/\/ikincielesya.afacanbilgi.com\/cikma\/wp-content\/uploads\/2024\/06\/iletisim1-300x188.jpg 300w, https:\/\/ikincielesya.afacanbilgi.com\/cikma\/wp-content\/uploads\/2024\/06\/iletisim1-768x480.jpg 768w, https:\/\/ikincielesya.afacanbilgi.com\/cikma\/wp-content\/uploads\/2024\/06\/iletisim1-600x375.jpg 600w\" sizes=\"auto, (max-width: 800px) 100vw, 800px\" \/><\/p>\n<div class=\"woocommerce columns-4 \"><ul class=\"products columns-4\">\n<li class=\"product type-product post-576 status-publish first instock product_cat-ikinci-el-esya has-post-thumbnail sale shipping-taxable purchasable product-type-simple\">\n\t<a href=\"https:\/\/ikincielesya.afacanbilgi.com\/cikma\/urun\/2-el-kriko-pehlivan-kriko-3-ton-kapasiteli\/\" class=\"woocommerce-LoopProduct-link woocommerce-loop-product__link\">\n\t<span class=\"onsale\">\u0130ndirim!<\/span>\n\t<img loading=\"lazy\" decoding=\"async\" width=\"300\" height=\"300\" src=\"https:\/\/ikincielesya.afacanbilgi.com\/cikma\/wp-content\/uploads\/2025\/12\/2.el-Kriko-Pehlivan-Kriko-3-Ton-Kapasiteli-1-300x300.png\" class=\"attachment-woocommerce_thumbnail size-woocommerce_thumbnail\" alt=\"2.el Kriko, Pehlivan Kriko (3 Ton Kapasiteli)\" srcset=\"https:\/\/ikincielesya.afacanbilgi.com\/cikma\/wp-content\/uploads\/2025\/12\/2.el-Kriko-Pehlivan-Kriko-3-Ton-Kapasiteli-1-300x300.png 300w, https:\/\/ikincielesya.afacanbilgi.com\/cikma\/wp-content\/uploads\/2025\/12\/2.el-Kriko-Pehlivan-Kriko-3-Ton-Kapasiteli-1-150x150.png 150w, https:\/\/ikincielesya.afacanbilgi.com\/cikma\/wp-content\/uploads\/2025\/12\/2.el-Kriko-Pehlivan-Kriko-3-Ton-Kapasiteli-1-100x100.png 100w\" sizes=\"auto, (max-width: 300px) 100vw, 300px\" title=\"\"><h2 class=\"woocommerce-loop-product__title\">2.el Kriko, Pehlivan Kriko (3 Ton Kapasiteli)<\/h2>\n\t<span class=\"price\"><del aria-hidden=\"true\"><span class=\"woocommerce-Price-amount amount\"><bdi><span class=\"woocommerce-Price-currencySymbol\">&#8378;<\/span>5,000.00<\/bdi><\/span><\/del> <span class=\"screen-reader-text\">Orijinal fiyat: &#8378;5,000.00.<\/span><ins aria-hidden=\"true\"><span class=\"woocommerce-Price-amount amount\"><bdi><span class=\"woocommerce-Price-currencySymbol\">&#8378;<\/span>4,500.00<\/bdi><\/span><\/ins><span class=\"screen-reader-text\">\u015eu andaki fiyat: &#8378;4,500.00.<\/span><\/span>\n<div class=\"archive-product-categories text-center\"><a href=\"https:\/\/ikincielesya.afacanbilgi.com\/cikma\/urun-kategori\/ikinci-el-esya\/\" rel=\"tag\">ikinci el e\u015fya<\/a><\/div><\/a><a href=\"\/cikma\/wp-json\/wp\/v2\/pages\/386?add-to-cart=576\" aria-describedby=\"woocommerce_loop_add_to_cart_link_describedby_576\" data-quantity=\"1\" class=\"button product_type_simple add_to_cart_button ajax_add_to_cart\" data-product_id=\"576\" data-product_sku=\"\" aria-label=\"Sepete ekle: \u201c2.el Kriko, Pehlivan Kriko (3 Ton Kapasiteli)\u201d\" rel=\"nofollow\" data-success_message=\"&quot;2.el Kriko, Pehlivan Kriko (3 Ton Kapasiteli)&quot; sepetinize eklendi\" role=\"button\">Sepete Ekle<\/a>\t<span id=\"woocommerce_loop_add_to_cart_link_describedby_576\" class=\"screen-reader-text\">\n\t\t\t<\/span>\n<\/li>\n<li class=\"product type-product post-572 status-publish instock product_cat-ikinci-el-is-makineleri has-post-thumbnail sale shipping-taxable purchasable product-type-simple\">\n\t<a href=\"https:\/\/ikincielesya.afacanbilgi.com\/cikma\/urun\/2-el-milwaukee-somun-sikma-makinesi-ve-takim-cantasi-milwaukee\/\" class=\"woocommerce-LoopProduct-link woocommerce-loop-product__link\">\n\t<span class=\"onsale\">\u0130ndirim!<\/span>\n\t<img loading=\"lazy\" decoding=\"async\" width=\"300\" height=\"300\" src=\"https:\/\/ikincielesya.afacanbilgi.com\/cikma\/wp-content\/uploads\/2025\/12\/2.EL-milwaukee-SOMUN-SIKMA-MAKINESI-1-300x300.png\" class=\"attachment-woocommerce_thumbnail size-woocommerce_thumbnail\" alt=\"2.EL milwaukee SOMUN SIKMA MAK\u0130NES\u0130 VE TAKIM \u00c7ANTASI milwaukee\" srcset=\"https:\/\/ikincielesya.afacanbilgi.com\/cikma\/wp-content\/uploads\/2025\/12\/2.EL-milwaukee-SOMUN-SIKMA-MAKINESI-1-300x300.png 300w, https:\/\/ikincielesya.afacanbilgi.com\/cikma\/wp-content\/uploads\/2025\/12\/2.EL-milwaukee-SOMUN-SIKMA-MAKINESI-1-150x150.png 150w, https:\/\/ikincielesya.afacanbilgi.com\/cikma\/wp-content\/uploads\/2025\/12\/2.EL-milwaukee-SOMUN-SIKMA-MAKINESI-1-100x100.png 100w\" sizes=\"auto, (max-width: 300px) 100vw, 300px\" title=\"\"><h2 class=\"woocommerce-loop-product__title\">2.EL milwaukee SOMUN SIKMA MAK\u0130NES\u0130 VE TAKIM \u00c7ANTASI milwaukee<\/h2>\n\t<span class=\"price\"><del aria-hidden=\"true\"><span class=\"woocommerce-Price-amount amount\"><bdi><span class=\"woocommerce-Price-currencySymbol\">&#8378;<\/span>25,000.00<\/bdi><\/span><\/del> <span class=\"screen-reader-text\">Orijinal fiyat: &#8378;25,000.00.<\/span><ins aria-hidden=\"true\"><span class=\"woocommerce-Price-amount amount\"><bdi><span class=\"woocommerce-Price-currencySymbol\">&#8378;<\/span>22,000.00<\/bdi><\/span><\/ins><span class=\"screen-reader-text\">\u015eu andaki fiyat: &#8378;22,000.00.<\/span><\/span>\n<div class=\"archive-product-categories text-center\"><a href=\"https:\/\/ikincielesya.afacanbilgi.com\/cikma\/urun-kategori\/ikinci-el-is-makineleri\/\" rel=\"tag\">ikinci el i\u015f makineleri<\/a><\/div><\/a><a href=\"\/cikma\/wp-json\/wp\/v2\/pages\/386?add-to-cart=572\" aria-describedby=\"woocommerce_loop_add_to_cart_link_describedby_572\" data-quantity=\"1\" class=\"button product_type_simple add_to_cart_button ajax_add_to_cart\" data-product_id=\"572\" data-product_sku=\"\" aria-label=\"Sepete ekle: \u201c2.EL milwaukee SOMUN SIKMA MAK\u0130NES\u0130 VE TAKIM \u00c7ANTASI milwaukee\u201d\" rel=\"nofollow\" data-success_message=\"&quot;2.EL milwaukee SOMUN SIKMA MAK\u0130NES\u0130 VE TAKIM \u00c7ANTASI milwaukee&quot; sepetinize eklendi\" role=\"button\">Sepete Ekle<\/a>\t<span id=\"woocommerce_loop_add_to_cart_link_describedby_572\" class=\"screen-reader-text\">\n\t\t\t<\/span>\n<\/li>\n<li class=\"product type-product post-549 status-publish instock product_cat-ikinci-el-mobilya has-post-thumbnail sale shipping-taxable purchasable product-type-simple\">\n\t<a href=\"https:\/\/ikincielesya.afacanbilgi.com\/cikma\/urun\/2-el-saglam-temiz-plywood-garantili-sifir-ayarinda-cam-plywood\/\" class=\"woocommerce-LoopProduct-link woocommerce-loop-product__link\">\n\t<span class=\"onsale\">\u0130ndirim!<\/span>\n\t<img loading=\"lazy\" decoding=\"async\" width=\"300\" height=\"300\" src=\"https:\/\/ikincielesya.afacanbilgi.com\/cikma\/wp-content\/uploads\/2025\/08\/2.el-saglam-temiz-plywood-1-300x300.png\" class=\"attachment-woocommerce_thumbnail size-woocommerce_thumbnail\" alt=\"2.el sa\u011flam temiz plywood garantili s\u0131f\u0131r ayar\u0131nda \u00e7am plywood\" srcset=\"https:\/\/ikincielesya.afacanbilgi.com\/cikma\/wp-content\/uploads\/2025\/08\/2.el-saglam-temiz-plywood-1-300x300.png 300w, https:\/\/ikincielesya.afacanbilgi.com\/cikma\/wp-content\/uploads\/2025\/08\/2.el-saglam-temiz-plywood-1-150x150.png 150w, https:\/\/ikincielesya.afacanbilgi.com\/cikma\/wp-content\/uploads\/2025\/08\/2.el-saglam-temiz-plywood-1-100x100.png 100w\" sizes=\"auto, (max-width: 300px) 100vw, 300px\" title=\"\"><h2 class=\"woocommerce-loop-product__title\">2.el sa\u011flam temiz plywood garantili s\u0131f\u0131r ayar\u0131nda \u00e7am plywood<\/h2>\n\t<span class=\"price\"><del aria-hidden=\"true\"><span class=\"woocommerce-Price-amount amount\"><bdi><span class=\"woocommerce-Price-currencySymbol\">&#8378;<\/span>450.00<\/bdi><\/span><\/del> <span class=\"screen-reader-text\">Orijinal fiyat: &#8378;450.00.<\/span><ins aria-hidden=\"true\"><span class=\"woocommerce-Price-amount amount\"><bdi><span class=\"woocommerce-Price-currencySymbol\">&#8378;<\/span>400.00<\/bdi><\/span><\/ins><span class=\"screen-reader-text\">\u015eu andaki fiyat: &#8378;400.00.<\/span><\/span>\n<div class=\"archive-product-categories text-center\"><a href=\"https:\/\/ikincielesya.afacanbilgi.com\/cikma\/urun-kategori\/ikinci-el-mobilya\/\" rel=\"tag\">ikinci el mobilya<\/a><\/div><\/a><a href=\"\/cikma\/wp-json\/wp\/v2\/pages\/386?add-to-cart=549\" aria-describedby=\"woocommerce_loop_add_to_cart_link_describedby_549\" data-quantity=\"1\" class=\"button product_type_simple add_to_cart_button ajax_add_to_cart\" data-product_id=\"549\" data-product_sku=\"\" aria-label=\"Sepete ekle: \u201c2.el sa\u011flam temiz plywood garantili s\u0131f\u0131r ayar\u0131nda \u00e7am plywood\u201d\" rel=\"nofollow\" data-success_message=\"&quot;2.el sa\u011flam temiz plywood garantili s\u0131f\u0131r ayar\u0131nda \u00e7am plywood&quot; sepetinize eklendi\" role=\"button\">Sepete Ekle<\/a>\t<span id=\"woocommerce_loop_add_to_cart_link_describedby_549\" class=\"screen-reader-text\">\n\t\t\t<\/span>\n<\/li>\n<li class=\"product type-product post-447 status-publish last instock product_cat-spot-defolu-esya has-post-thumbnail sale shipping-taxable purchasable product-type-simple\">\n\t<a href=\"https:\/\/ikincielesya.afacanbilgi.com\/cikma\/urun\/aluminyum-katlanan-sezlong-saglam-ve-kaliteli-bozulma-kirilma-yapmaz\/\" class=\"woocommerce-LoopProduct-link woocommerce-loop-product__link\">\n\t<span class=\"onsale\">\u0130ndirim!<\/span>\n\t<img loading=\"lazy\" decoding=\"async\" width=\"300\" height=\"300\" src=\"https:\/\/ikincielesya.afacanbilgi.com\/cikma\/wp-content\/uploads\/2024\/06\/Aluminyum-katlanan-sezlong-1-300x300.png\" class=\"attachment-woocommerce_thumbnail size-woocommerce_thumbnail\" alt=\"Aluminyum katlanan \u015fezlong  sa\u011flam ve kaliteli bozulma k\u0131r\u0131lma yapmaz\" srcset=\"https:\/\/ikincielesya.afacanbilgi.com\/cikma\/wp-content\/uploads\/2024\/06\/Aluminyum-katlanan-sezlong-1-300x300.png 300w, https:\/\/ikincielesya.afacanbilgi.com\/cikma\/wp-content\/uploads\/2024\/06\/Aluminyum-katlanan-sezlong-1-150x150.png 150w, https:\/\/ikincielesya.afacanbilgi.com\/cikma\/wp-content\/uploads\/2024\/06\/Aluminyum-katlanan-sezlong-1-100x100.png 100w\" sizes=\"auto, (max-width: 300px) 100vw, 300px\" title=\"\"><h2 class=\"woocommerce-loop-product__title\">Aluminyum katlanan \u015fezlong  sa\u011flam ve kaliteli bozulma k\u0131r\u0131lma yapmaz<\/h2>\n\t<span class=\"price\"><del aria-hidden=\"true\"><span class=\"woocommerce-Price-amount amount\"><bdi><span class=\"woocommerce-Price-currencySymbol\">&#8378;<\/span>1,400.00<\/bdi><\/span><\/del> <span class=\"screen-reader-text\">Orijinal fiyat: &#8378;1,400.00.<\/span><ins aria-hidden=\"true\"><span class=\"woocommerce-Price-amount amount\"><bdi><span class=\"woocommerce-Price-currencySymbol\">&#8378;<\/span>1,250.00<\/bdi><\/span><\/ins><span class=\"screen-reader-text\">\u015eu andaki fiyat: &#8378;1,250.00.<\/span><\/span>\n<div class=\"archive-product-categories text-center\"><a href=\"https:\/\/ikincielesya.afacanbilgi.com\/cikma\/urun-kategori\/spot-defolu-esya\/\" rel=\"tag\">spot defolu e\u015fya<\/a><\/div><\/a><a href=\"\/cikma\/wp-json\/wp\/v2\/pages\/386?add-to-cart=447\" aria-describedby=\"woocommerce_loop_add_to_cart_link_describedby_447\" data-quantity=\"1\" class=\"button product_type_simple add_to_cart_button ajax_add_to_cart\" data-product_id=\"447\" data-product_sku=\"\" aria-label=\"Sepete ekle: \u201cAluminyum katlanan \u015fezlong  sa\u011flam ve kaliteli bozulma k\u0131r\u0131lma yapmaz\u201d\" rel=\"nofollow\" data-success_message=\"&quot;Aluminyum katlanan \u015fezlong  sa\u011flam ve kaliteli bozulma k\u0131r\u0131lma yapmaz&quot; sepetinize eklendi\" role=\"button\">Sepete Ekle<\/a>\t<span id=\"woocommerce_loop_add_to_cart_link_describedby_447\" class=\"screen-reader-text\">\n\t\t\t<\/span>\n<\/li>\n<li class=\"product type-product post-404 status-publish first instock product_cat-ikinci-el-mobilya product_tag-ikinci-el-masa-sandalye has-post-thumbnail sale shipping-taxable purchasable product-type-simple\">\n\t<a href=\"https:\/\/ikincielesya.afacanbilgi.com\/cikma\/urun\/bahce-masasi-spot-piknik-masasi-toplu-masa-satimi-istoc\/\" class=\"woocommerce-LoopProduct-link woocommerce-loop-product__link\">\n\t<span class=\"onsale\">\u0130ndirim!<\/span>\n\t<img loading=\"lazy\" decoding=\"async\" width=\"300\" height=\"300\" src=\"https:\/\/ikincielesya.afacanbilgi.com\/cikma\/wp-content\/uploads\/2024\/06\/bahce-masasi-spot-piknik-masasi-2-300x300.jpg\" class=\"attachment-woocommerce_thumbnail size-woocommerce_thumbnail\" alt=\"Bah\u00e7e masas\u0131 spot piknik masas\u0131 toplu masa sat\u0131m\u0131 isto\u00e7\" srcset=\"https:\/\/ikincielesya.afacanbilgi.com\/cikma\/wp-content\/uploads\/2024\/06\/bahce-masasi-spot-piknik-masasi-2-300x300.jpg 300w, https:\/\/ikincielesya.afacanbilgi.com\/cikma\/wp-content\/uploads\/2024\/06\/bahce-masasi-spot-piknik-masasi-2-150x150.jpg 150w, https:\/\/ikincielesya.afacanbilgi.com\/cikma\/wp-content\/uploads\/2024\/06\/bahce-masasi-spot-piknik-masasi-2-100x100.jpg 100w\" sizes=\"auto, (max-width: 300px) 100vw, 300px\" title=\"\"><h2 class=\"woocommerce-loop-product__title\">Bah\u00e7e masas\u0131 spot piknik masas\u0131 toplu masa sat\u0131m\u0131 isto\u00e7<\/h2>\n\t<span class=\"price\"><del aria-hidden=\"true\"><span class=\"woocommerce-Price-amount amount\"><bdi><span class=\"woocommerce-Price-currencySymbol\">&#8378;<\/span>450.00<\/bdi><\/span><\/del> <span class=\"screen-reader-text\">Orijinal fiyat: &#8378;450.00.<\/span><ins aria-hidden=\"true\"><span class=\"woocommerce-Price-amount amount\"><bdi><span class=\"woocommerce-Price-currencySymbol\">&#8378;<\/span>400.00<\/bdi><\/span><\/ins><span class=\"screen-reader-text\">\u015eu andaki fiyat: &#8378;400.00.<\/span><\/span>\n<div class=\"archive-product-categories text-center\"><a href=\"https:\/\/ikincielesya.afacanbilgi.com\/cikma\/urun-kategori\/ikinci-el-mobilya\/\" rel=\"tag\">ikinci el mobilya<\/a><\/div><\/a><a href=\"\/cikma\/wp-json\/wp\/v2\/pages\/386?add-to-cart=404\" aria-describedby=\"woocommerce_loop_add_to_cart_link_describedby_404\" data-quantity=\"1\" class=\"button product_type_simple add_to_cart_button ajax_add_to_cart\" data-product_id=\"404\" data-product_sku=\"\" aria-label=\"Sepete ekle: \u201cBah\u00e7e masas\u0131 spot piknik masas\u0131 toplu masa sat\u0131m\u0131 isto\u00e7\u201d\" rel=\"nofollow\" data-success_message=\"&quot;Bah\u00e7e masas\u0131 spot piknik masas\u0131 toplu masa sat\u0131m\u0131 isto\u00e7&quot; sepetinize eklendi\" role=\"button\">Sepete Ekle<\/a>\t<span id=\"woocommerce_loop_add_to_cart_link_describedby_404\" class=\"screen-reader-text\">\n\t\t\t<\/span>\n<\/li>\n<li class=\"product type-product post-426 status-publish instock product_cat-ikinci-el-beyaz-esya product_tag-ikinci-el-camasir-makinesi has-post-thumbnail sale shipping-taxable purchasable product-type-simple\">\n\t<a href=\"https:\/\/ikincielesya.afacanbilgi.com\/cikma\/urun\/cikma-camasir-makinesi-motoru-hurda-camasir-makinesi-motoru-fiyatlari-drenaj-pompasi\/\" class=\"woocommerce-LoopProduct-link woocommerce-loop-product__link\">\n\t<span class=\"onsale\">\u0130ndirim!<\/span>\n\t<img loading=\"lazy\" decoding=\"async\" width=\"300\" height=\"300\" src=\"https:\/\/ikincielesya.afacanbilgi.com\/cikma\/wp-content\/uploads\/2024\/06\/CIKMA-CAMASIR-MAKINESI-MOTORU-2-300x300.png\" class=\"attachment-woocommerce_thumbnail size-woocommerce_thumbnail\" alt=\"\u00c7IKMA \u00c7AMA\u015eIR MAK\u0130NES\u0130 MOTORU Hurda \u00e7ama\u015f\u0131r makinesi motoru fiyatlar\u0131 Drenaj pompas\u0131\" srcset=\"https:\/\/ikincielesya.afacanbilgi.com\/cikma\/wp-content\/uploads\/2024\/06\/CIKMA-CAMASIR-MAKINESI-MOTORU-2-300x300.png 300w, https:\/\/ikincielesya.afacanbilgi.com\/cikma\/wp-content\/uploads\/2024\/06\/CIKMA-CAMASIR-MAKINESI-MOTORU-2-150x150.png 150w, https:\/\/ikincielesya.afacanbilgi.com\/cikma\/wp-content\/uploads\/2024\/06\/CIKMA-CAMASIR-MAKINESI-MOTORU-2-100x100.png 100w\" sizes=\"auto, (max-width: 300px) 100vw, 300px\" title=\"\"><h2 class=\"woocommerce-loop-product__title\">\u00c7IKMA \u00c7AMA\u015eIR MAK\u0130NES\u0130 MOTORU Hurda \u00e7ama\u015f\u0131r makinesi motoru fiyatlar\u0131 Drenaj pompas\u0131<\/h2>\n\t<span class=\"price\"><del aria-hidden=\"true\"><span class=\"woocommerce-Price-amount amount\"><bdi><span class=\"woocommerce-Price-currencySymbol\">&#8378;<\/span>150.00<\/bdi><\/span><\/del> <span class=\"screen-reader-text\">Orijinal fiyat: &#8378;150.00.<\/span><ins aria-hidden=\"true\"><span class=\"woocommerce-Price-amount amount\"><bdi><span class=\"woocommerce-Price-currencySymbol\">&#8378;<\/span>140.00<\/bdi><\/span><\/ins><span class=\"screen-reader-text\">\u015eu andaki fiyat: &#8378;140.00.<\/span><\/span>\n<div class=\"archive-product-categories text-center\"><a href=\"https:\/\/ikincielesya.afacanbilgi.com\/cikma\/urun-kategori\/ikinci-el-beyaz-esya\/\" rel=\"tag\">ikinci el beyaz e\u015fya<\/a><\/div><\/a><a href=\"\/cikma\/wp-json\/wp\/v2\/pages\/386?add-to-cart=426\" aria-describedby=\"woocommerce_loop_add_to_cart_link_describedby_426\" data-quantity=\"1\" class=\"button product_type_simple add_to_cart_button ajax_add_to_cart\" data-product_id=\"426\" data-product_sku=\"\" aria-label=\"Sepete ekle: \u201c\u00c7IKMA \u00c7AMA\u015eIR MAK\u0130NES\u0130 MOTORU Hurda \u00e7ama\u015f\u0131r makinesi motoru fiyatlar\u0131 Drenaj pompas\u0131\u201d\" rel=\"nofollow\" data-success_message=\"&quot;\u00c7IKMA \u00c7AMA\u015eIR MAK\u0130NES\u0130 MOTORU Hurda \u00e7ama\u015f\u0131r makinesi motoru fiyatlar\u0131 Drenaj pompas\u0131&quot; sepetinize eklendi\" role=\"button\">Sepete Ekle<\/a>\t<span id=\"woocommerce_loop_add_to_cart_link_describedby_426\" class=\"screen-reader-text\">\n\t\t\t<\/span>\n<\/li>\n<li class=\"product type-product post-458 status-publish instock product_cat-ikinci-el-esya product_cat-ikinci-el-is-makineleri has-post-thumbnail sale shipping-taxable purchasable product-type-simple\">\n\t<a href=\"https:\/\/ikincielesya.afacanbilgi.com\/cikma\/urun\/cikma-celik-halat-saglam-gemi-yat-baglamak-icin-kalin-celik-halat\/\" class=\"woocommerce-LoopProduct-link woocommerce-loop-product__link\">\n\t<span class=\"onsale\">\u0130ndirim!<\/span>\n\t<img loading=\"lazy\" decoding=\"async\" width=\"300\" height=\"300\" src=\"https:\/\/ikincielesya.afacanbilgi.com\/cikma\/wp-content\/uploads\/2024\/07\/gemi-yat-baglamak-icin-kalin-celik-halat-1-300x300.png\" class=\"attachment-woocommerce_thumbnail size-woocommerce_thumbnail\" alt=\"\u00c7\u0131kma \u00e7elik halat sa\u011flam gemi yat ba\u011flamak i\u00e7in kal\u0131n \u00e7elik halat\" srcset=\"https:\/\/ikincielesya.afacanbilgi.com\/cikma\/wp-content\/uploads\/2024\/07\/gemi-yat-baglamak-icin-kalin-celik-halat-1-300x300.png 300w, https:\/\/ikincielesya.afacanbilgi.com\/cikma\/wp-content\/uploads\/2024\/07\/gemi-yat-baglamak-icin-kalin-celik-halat-1-150x150.png 150w, https:\/\/ikincielesya.afacanbilgi.com\/cikma\/wp-content\/uploads\/2024\/07\/gemi-yat-baglamak-icin-kalin-celik-halat-1-100x100.png 100w\" sizes=\"auto, (max-width: 300px) 100vw, 300px\" title=\"\"><h2 class=\"woocommerce-loop-product__title\">\u00c7\u0131kma \u00e7elik halat sa\u011flam gemi yat ba\u011flamak i\u00e7in kal\u0131n \u00e7elik halat<\/h2>\n\t<span class=\"price\"><del aria-hidden=\"true\"><span class=\"woocommerce-Price-amount amount\"><bdi><span class=\"woocommerce-Price-currencySymbol\">&#8378;<\/span>150.00<\/bdi><\/span><\/del> <span class=\"screen-reader-text\">Orijinal fiyat: &#8378;150.00.<\/span><ins aria-hidden=\"true\"><span class=\"woocommerce-Price-amount amount\"><bdi><span class=\"woocommerce-Price-currencySymbol\">&#8378;<\/span>120.00<\/bdi><\/span><\/ins><span class=\"screen-reader-text\">\u015eu andaki fiyat: &#8378;120.00.<\/span><\/span>\n<div class=\"archive-product-categories text-center\"><a href=\"https:\/\/ikincielesya.afacanbilgi.com\/cikma\/urun-kategori\/ikinci-el-esya\/\" rel=\"tag\">ikinci el e\u015fya<\/a>,<a href=\"https:\/\/ikincielesya.afacanbilgi.com\/cikma\/urun-kategori\/ikinci-el-is-makineleri\/\" rel=\"tag\">ikinci el i\u015f makineleri<\/a><\/div><\/a><a href=\"\/cikma\/wp-json\/wp\/v2\/pages\/386?add-to-cart=458\" aria-describedby=\"woocommerce_loop_add_to_cart_link_describedby_458\" data-quantity=\"1\" class=\"button product_type_simple add_to_cart_button ajax_add_to_cart\" data-product_id=\"458\" data-product_sku=\"\" aria-label=\"Sepete ekle: \u201c\u00c7\u0131kma \u00e7elik halat sa\u011flam gemi yat ba\u011flamak i\u00e7in kal\u0131n \u00e7elik halat\u201d\" rel=\"nofollow\" data-success_message=\"&quot;\u00c7\u0131kma \u00e7elik halat sa\u011flam gemi yat ba\u011flamak i\u00e7in kal\u0131n \u00e7elik halat&quot; sepetinize eklendi\" role=\"button\">Sepete Ekle<\/a>\t<span id=\"woocommerce_loop_add_to_cart_link_describedby_458\" class=\"screen-reader-text\">\n\t\t\t<\/span>\n<\/li>\n<li class=\"product type-product post-467 status-publish last instock product_cat-ikinci-el-esya product_cat-ikinci-el-is-makineleri has-post-thumbnail sale shipping-taxable purchasable product-type-simple\">\n\t<a href=\"https:\/\/ikincielesya.afacanbilgi.com\/cikma\/urun\/cikma-demir-cubuk-her-turde-agir-takas-hayir-durumu-ikinci-el\/\" class=\"woocommerce-LoopProduct-link woocommerce-loop-product__link\">\n\t<span class=\"onsale\">\u0130ndirim!<\/span>\n\t<img loading=\"lazy\" decoding=\"async\" width=\"300\" height=\"300\" src=\"https:\/\/ikincielesya.afacanbilgi.com\/cikma\/wp-content\/uploads\/2024\/07\/demir-cubuk-ikinci-el-1-300x300.png\" class=\"attachment-woocommerce_thumbnail size-woocommerce_thumbnail\" alt=\"\u00c7\u0131kma demir \u00e7ubuk her turde agir Takas Hay\u0131r; Durumu \u0130kinci El\" srcset=\"https:\/\/ikincielesya.afacanbilgi.com\/cikma\/wp-content\/uploads\/2024\/07\/demir-cubuk-ikinci-el-1-300x300.png 300w, https:\/\/ikincielesya.afacanbilgi.com\/cikma\/wp-content\/uploads\/2024\/07\/demir-cubuk-ikinci-el-1-150x150.png 150w, https:\/\/ikincielesya.afacanbilgi.com\/cikma\/wp-content\/uploads\/2024\/07\/demir-cubuk-ikinci-el-1-100x100.png 100w\" sizes=\"auto, (max-width: 300px) 100vw, 300px\" title=\"\"><h2 class=\"woocommerce-loop-product__title\">\u00c7\u0131kma demir \u00e7ubuk her turde agir Takas Hay\u0131r; Durumu \u0130kinci El<\/h2>\n\t<span class=\"price\"><del aria-hidden=\"true\"><span class=\"woocommerce-Price-amount amount\"><bdi><span class=\"woocommerce-Price-currencySymbol\">&#8378;<\/span>250.00<\/bdi><\/span><\/del> <span class=\"screen-reader-text\">Orijinal fiyat: &#8378;250.00.<\/span><ins aria-hidden=\"true\"><span class=\"woocommerce-Price-amount amount\"><bdi><span class=\"woocommerce-Price-currencySymbol\">&#8378;<\/span>245.00<\/bdi><\/span><\/ins><span class=\"screen-reader-text\">\u015eu andaki fiyat: &#8378;245.00.<\/span><\/span>\n<div class=\"archive-product-categories text-center\"><a href=\"https:\/\/ikincielesya.afacanbilgi.com\/cikma\/urun-kategori\/ikinci-el-esya\/\" rel=\"tag\">ikinci el e\u015fya<\/a>,<a href=\"https:\/\/ikincielesya.afacanbilgi.com\/cikma\/urun-kategori\/ikinci-el-is-makineleri\/\" rel=\"tag\">ikinci el i\u015f makineleri<\/a><\/div><\/a><a href=\"\/cikma\/wp-json\/wp\/v2\/pages\/386?add-to-cart=467\" aria-describedby=\"woocommerce_loop_add_to_cart_link_describedby_467\" data-quantity=\"1\" class=\"button product_type_simple add_to_cart_button ajax_add_to_cart\" data-product_id=\"467\" data-product_sku=\"\" aria-label=\"Sepete ekle: \u201c\u00c7\u0131kma demir \u00e7ubuk her turde agir Takas Hay\u0131r; Durumu \u0130kinci El\u201d\" rel=\"nofollow\" data-success_message=\"&quot;\u00c7\u0131kma demir \u00e7ubuk her turde agir Takas Hay\u0131r; Durumu \u0130kinci El&quot; sepetinize eklendi\" role=\"button\">Sepete Ekle<\/a>\t<span id=\"woocommerce_loop_add_to_cart_link_describedby_467\" class=\"screen-reader-text\">\n\t\t\t<\/span>\n<\/li>\n<\/ul>\n<\/div>\n","protected":false},"excerpt":{"rendered":"","protected":false},"author":1,"featured_media":388,"parent":0,"menu_order":0,"comment_status":"closed","ping_status":"closed","template":"","meta":{"footnotes":""},"class_list":["post-386","page","type-page","status-publish","has-post-thumbnail","hentry"],"_links":{"self":[{"href":"https:\/\/ikincielesya.afacanbilgi.com\/cikma\/wp-json\/wp\/v2\/pages\/386","targetHints":{"allow":["GET"]}}],"collection":[{"href":"https:\/\/ikincielesya.afacanbilgi.com\/cikma\/wp-json\/wp\/v2\/pages"}],"about":[{"href":"https:\/\/ikincielesya.afacanbilgi.com\/cikma\/wp-json\/wp\/v2\/types\/page"}],"author":[{"embeddable":true,"href":"https:\/\/ikincielesya.afacanbilgi.com\/cikma\/wp-json\/wp\/v2\/users\/1"}],"replies":[{"embeddable":true,"href":"https:\/\/ikincielesya.afacanbilgi.com\/cikma\/wp-json\/wp\/v2\/comments?post=386"}],"version-history":[{"count":1,"href":"https:\/\/ikincielesya.afacanbilgi.com\/cikma\/wp-json\/wp\/v2\/pages\/386\/revisions"}],"predecessor-version":[{"id":389,"href":"https:\/\/ikincielesya.afacanbilgi.com\/cikma\/wp-json\/wp\/v2\/pages\/386\/revisions\/389"}],"wp:featuredmedia":[{"embeddable":true,"href":"https:\/\/ikincielesya.afacanbilgi.com\/cikma\/wp-json\/wp\/v2\/media\/388"}],"wp:attachment":[{"href":"https:\/\/ikincielesya.afacanbilgi.com\/cikma\/wp-json\/wp\/v2\/media?parent=386"}],"curies":[{"name":"wp","href":"https:\/\/api.w.org\/{rel}","templated":true}]}}