{"id":404,"date":"2024-06-05T10:42:13","date_gmt":"2024-06-05T07:42:13","guid":{"rendered":"https:\/\/ikincielesya.afacanbilgi.com\/cikma\/?post_type=product&#038;p=404"},"modified":"2024-06-05T10:42:13","modified_gmt":"2024-06-05T07:42:13","slug":"bahce-masasi-spot-piknik-masasi-toplu-masa-satimi-istoc","status":"publish","type":"product","link":"https:\/\/ikincielesya.afacanbilgi.com\/cikma\/urun\/bahce-masasi-spot-piknik-masasi-toplu-masa-satimi-istoc\/","title":{"rendered":"Bah\u00e7e masas\u0131 spot piknik masas\u0131 toplu masa sat\u0131m\u0131 isto\u00e7"},"content":{"rendered":"<p><img loading=\"lazy\" decoding=\"async\" class=\"aligncenter size-full wp-image-405\" src=\"https:\/\/ikincielesya.afacanbilgi.com\/cikma\/wp-content\/uploads\/2024\/06\/bahce-masasi-spot-piknik-masasi-2.jpg\" alt=\"\" width=\"1200\" height=\"1600\" title=\"\" srcset=\"https:\/\/ikincielesya.afacanbilgi.com\/cikma\/wp-content\/uploads\/2024\/06\/bahce-masasi-spot-piknik-masasi-2.jpg 1200w, https:\/\/ikincielesya.afacanbilgi.com\/cikma\/wp-content\/uploads\/2024\/06\/bahce-masasi-spot-piknik-masasi-2-225x300.jpg 225w, https:\/\/ikincielesya.afacanbilgi.com\/cikma\/wp-content\/uploads\/2024\/06\/bahce-masasi-spot-piknik-masasi-2-768x1024.jpg 768w, https:\/\/ikincielesya.afacanbilgi.com\/cikma\/wp-content\/uploads\/2024\/06\/bahce-masasi-spot-piknik-masasi-2-1152x1536.jpg 1152w, https:\/\/ikincielesya.afacanbilgi.com\/cikma\/wp-content\/uploads\/2024\/06\/bahce-masasi-spot-piknik-masasi-2-600x800.jpg 600w\" sizes=\"auto, (max-width: 1200px) 100vw, 1200px\" \/> <img loading=\"lazy\" decoding=\"async\" class=\"aligncenter size-full wp-image-406\" src=\"https:\/\/ikincielesya.afacanbilgi.com\/cikma\/wp-content\/uploads\/2024\/06\/bahce-masasi-spot-piknik-masasi-1.jpg\" alt=\"\" width=\"1536\" height=\"2048\" title=\"\" srcset=\"https:\/\/ikincielesya.afacanbilgi.com\/cikma\/wp-content\/uploads\/2024\/06\/bahce-masasi-spot-piknik-masasi-1.jpg 1536w, https:\/\/ikincielesya.afacanbilgi.com\/cikma\/wp-content\/uploads\/2024\/06\/bahce-masasi-spot-piknik-masasi-1-225x300.jpg 225w, https:\/\/ikincielesya.afacanbilgi.com\/cikma\/wp-content\/uploads\/2024\/06\/bahce-masasi-spot-piknik-masasi-1-768x1024.jpg 768w, https:\/\/ikincielesya.afacanbilgi.com\/cikma\/wp-content\/uploads\/2024\/06\/bahce-masasi-spot-piknik-masasi-1-1152x1536.jpg 1152w, https:\/\/ikincielesya.afacanbilgi.com\/cikma\/wp-content\/uploads\/2024\/06\/bahce-masasi-spot-piknik-masasi-1-600x800.jpg 600w\" sizes=\"auto, (max-width: 1536px) 100vw, 1536px\" \/><\/p>\n","protected":false},"excerpt":{"rendered":"<p>2024 Bah\u00e7e Mobilyas\u0131 modellerini, \u00e7e\u015fitlerini ve kullananlar\u0131n yorumlar\u0131n\u0131 incele,<strong> AH\u015eAP masa tabure SAH\u0130B\u0130NDEN Masa modelleri uygun fiyatlar<\/strong> ile Ko\u00e7ta\u015f&#8217;ta. Masa tak\u0131mlar\u0131n\u0131 ke\u015ffetmek ve en \u015f\u0131k modelleri 8 ikinci el masa sandalye Bah\u00e7e Masalar\u0131 Bah\u00e7e Sandalyeleri Bah\u00e7e Banklar\u0131 Piknik Masas\u0131 Setleri Bah\u00e7e Minderleri Mobilya Koruma \u00d6rt\u00fcleri 2.el ah\u015fap tabure masa masa sandalye piknik masas\u0131 ah\u015fap bahce takimi tekzen rattan sandalye tekzen oturma grubu. Keyfine D\u00fc\u015fk\u00fcnler i\u00e7in Bah\u00e7e Mobilyalar\u0131 2.el piknik masas\u0131 2.el sandalye masa fiyatlar\u0131 ikinci el kamp masas\u0131 \u00f6zel indirimli fiyatlar\u0131 ka\u00e7\u0131rma!<\/p>\n","protected":false},"featured_media":405,"template":"","meta":[],"product_brand":[],"product_cat":[32],"product_tag":[35],"class_list":{"0":"post-404","1":"product","2":"type-product","3":"status-publish","4":"has-post-thumbnail","6":"product_cat-ikinci-el-mobilya","7":"product_tag-ikinci-el-masa-sandalye","9":"first","10":"instock","11":"sale","12":"shipping-taxable","13":"purchasable","14":"product-type-simple"},"_links":{"self":[{"href":"https:\/\/ikincielesya.afacanbilgi.com\/cikma\/wp-json\/wp\/v2\/product\/404","targetHints":{"allow":["GET"]}}],"collection":[{"href":"https:\/\/ikincielesya.afacanbilgi.com\/cikma\/wp-json\/wp\/v2\/product"}],"about":[{"href":"https:\/\/ikincielesya.afacanbilgi.com\/cikma\/wp-json\/wp\/v2\/types\/product"}],"wp:featuredmedia":[{"embeddable":true,"href":"https:\/\/ikincielesya.afacanbilgi.com\/cikma\/wp-json\/wp\/v2\/media\/405"}],"wp:attachment":[{"href":"https:\/\/ikincielesya.afacanbilgi.com\/cikma\/wp-json\/wp\/v2\/media?parent=404"}],"wp:term":[{"taxonomy":"product_brand","embeddable":true,"href":"https:\/\/ikincielesya.afacanbilgi.com\/cikma\/wp-json\/wp\/v2\/product_brand?post=404"},{"taxonomy":"product_cat","embeddable":true,"href":"https:\/\/ikincielesya.afacanbilgi.com\/cikma\/wp-json\/wp\/v2\/product_cat?post=404"},{"taxonomy":"product_tag","embeddable":true,"href":"https:\/\/ikincielesya.afacanbilgi.com\/cikma\/wp-json\/wp\/v2\/product_tag?post=404"}],"curies":[{"name":"wp","href":"https:\/\/api.w.org\/{rel}","templated":true}]}}