{"id":420,"date":"2024-06-05T14:55:57","date_gmt":"2024-06-05T11:55:57","guid":{"rendered":"https:\/\/ikincielesya.afacanbilgi.com\/cikma\/?post_type=product&#038;p=420"},"modified":"2024-06-05T14:55:57","modified_gmt":"2024-06-05T11:55:57","slug":"ikinci-el-istikbal-yatak-baza-ortopedik-yatak-baza-fiyatlari-diger","status":"publish","type":"product","link":"https:\/\/ikincielesya.afacanbilgi.com\/cikma\/urun\/ikinci-el-istikbal-yatak-baza-ortopedik-yatak-baza-fiyatlari-diger\/","title":{"rendered":"ikinci el istikbal yatak baza Ortopedik yatak baza fiyatlar\u0131 di\u011fer"},"content":{"rendered":"<p><img loading=\"lazy\" decoding=\"async\" class=\"aligncenter size-full wp-image-421\" src=\"https:\/\/ikincielesya.afacanbilgi.com\/cikma\/wp-content\/uploads\/2024\/06\/ikinci-el-istikbal-yatak-baza-2.png\" alt=\"\" width=\"707\" height=\"635\" title=\"\" srcset=\"https:\/\/ikincielesya.afacanbilgi.com\/cikma\/wp-content\/uploads\/2024\/06\/ikinci-el-istikbal-yatak-baza-2.png 707w, https:\/\/ikincielesya.afacanbilgi.com\/cikma\/wp-content\/uploads\/2024\/06\/ikinci-el-istikbal-yatak-baza-2-300x269.png 300w, https:\/\/ikincielesya.afacanbilgi.com\/cikma\/wp-content\/uploads\/2024\/06\/ikinci-el-istikbal-yatak-baza-2-600x539.png 600w\" sizes=\"auto, (max-width: 707px) 100vw, 707px\" \/> <img loading=\"lazy\" decoding=\"async\" class=\"aligncenter size-full wp-image-422\" src=\"https:\/\/ikincielesya.afacanbilgi.com\/cikma\/wp-content\/uploads\/2024\/06\/ikinci-el-istikbal-yatak-baza-1.png\" alt=\"\" width=\"840\" height=\"631\" title=\"\" srcset=\"https:\/\/ikincielesya.afacanbilgi.com\/cikma\/wp-content\/uploads\/2024\/06\/ikinci-el-istikbal-yatak-baza-1.png 840w, https:\/\/ikincielesya.afacanbilgi.com\/cikma\/wp-content\/uploads\/2024\/06\/ikinci-el-istikbal-yatak-baza-1-300x225.png 300w, https:\/\/ikincielesya.afacanbilgi.com\/cikma\/wp-content\/uploads\/2024\/06\/ikinci-el-istikbal-yatak-baza-1-768x577.png 768w, https:\/\/ikincielesya.afacanbilgi.com\/cikma\/wp-content\/uploads\/2024\/06\/ikinci-el-istikbal-yatak-baza-1-160x120.png 160w, https:\/\/ikincielesya.afacanbilgi.com\/cikma\/wp-content\/uploads\/2024\/06\/ikinci-el-istikbal-yatak-baza-1-600x451.png 600w\" sizes=\"auto, (max-width: 840px) 100vw, 840px\" \/><\/p>\n","protected":false},"excerpt":{"rendered":"<p>\u015e\u0131k yatak odas\u0131 tak\u0131mlar\u0131 dendi\u011finde akla ilk gelen genellikle yatak Ortopedik yatak baza fiyatlar\u0131 di\u011fer baza fiyatlar\u0131ndan daha farkl\u0131d\u0131r. 2. Yatak odas\u0131 tak\u0131m\u0131 nas\u0131l temizlenmeli? Yatak istikbal yatak ve baza istikbal yatak baza ucuz fiyata sat\u0131l\u0131k. sat\u0131l\u0131k istikbal yatak ve baza YATAK &amp; BAZA. Yatak 2 Y\u0131l \u00dcr\u00fcn Garantisi; Vade Farks\u0131z Taksit Se\u00e7enekleri Baza<\/p>\n","protected":false},"featured_media":421,"template":"","meta":[],"product_brand":[],"product_cat":[15],"product_tag":[36],"class_list":{"0":"post-420","1":"product","2":"type-product","3":"status-publish","4":"has-post-thumbnail","6":"product_cat-ikinci-el-esya","7":"product_tag-ikinci-el-baza-yatak","9":"first","10":"instock","11":"sale","12":"shipping-taxable","13":"purchasable","14":"product-type-simple"},"_links":{"self":[{"href":"https:\/\/ikincielesya.afacanbilgi.com\/cikma\/wp-json\/wp\/v2\/product\/420","targetHints":{"allow":["GET"]}}],"collection":[{"href":"https:\/\/ikincielesya.afacanbilgi.com\/cikma\/wp-json\/wp\/v2\/product"}],"about":[{"href":"https:\/\/ikincielesya.afacanbilgi.com\/cikma\/wp-json\/wp\/v2\/types\/product"}],"wp:featuredmedia":[{"embeddable":true,"href":"https:\/\/ikincielesya.afacanbilgi.com\/cikma\/wp-json\/wp\/v2\/media\/421"}],"wp:attachment":[{"href":"https:\/\/ikincielesya.afacanbilgi.com\/cikma\/wp-json\/wp\/v2\/media?parent=420"}],"wp:term":[{"taxonomy":"product_brand","embeddable":true,"href":"https:\/\/ikincielesya.afacanbilgi.com\/cikma\/wp-json\/wp\/v2\/product_brand?post=420"},{"taxonomy":"product_cat","embeddable":true,"href":"https:\/\/ikincielesya.afacanbilgi.com\/cikma\/wp-json\/wp\/v2\/product_cat?post=420"},{"taxonomy":"product_tag","embeddable":true,"href":"https:\/\/ikincielesya.afacanbilgi.com\/cikma\/wp-json\/wp\/v2\/product_tag?post=420"}],"curies":[{"name":"wp","href":"https:\/\/api.w.org\/{rel}","templated":true}]}}