{"id":426,"date":"2024-06-05T16:44:27","date_gmt":"2024-06-05T13:44:27","guid":{"rendered":"https:\/\/ikincielesya.afacanbilgi.com\/cikma\/?post_type=product&#038;p=426"},"modified":"2024-06-05T16:44:27","modified_gmt":"2024-06-05T13:44:27","slug":"cikma-camasir-makinesi-motoru-hurda-camasir-makinesi-motoru-fiyatlari-drenaj-pompasi","status":"publish","type":"product","link":"https:\/\/ikincielesya.afacanbilgi.com\/cikma\/urun\/cikma-camasir-makinesi-motoru-hurda-camasir-makinesi-motoru-fiyatlari-drenaj-pompasi\/","title":{"rendered":"\u00c7IKMA \u00c7AMA\u015eIR MAK\u0130NES\u0130 MOTORU Hurda \u00e7ama\u015f\u0131r makinesi motoru fiyatlar\u0131 Drenaj pompas\u0131"},"content":{"rendered":"<div id=\"attachment_427\" style=\"width: 793px\" class=\"wp-caption aligncenter\"><img loading=\"lazy\" decoding=\"async\" aria-describedby=\"caption-attachment-427\" class=\"wp-image-427 size-full\" title=\"\u00c7IKMA \u00c7AMA\u015eIR MAK\u0130NES\u0130 MOTORU\" src=\"https:\/\/ikincielesya.afacanbilgi.com\/cikma\/wp-content\/uploads\/2024\/06\/CIKMA-CAMASIR-MAKINESI-MOTORU-1.png\" alt=\"\" width=\"783\" height=\"589\" srcset=\"https:\/\/ikincielesya.afacanbilgi.com\/cikma\/wp-content\/uploads\/2024\/06\/CIKMA-CAMASIR-MAKINESI-MOTORU-1.png 783w, https:\/\/ikincielesya.afacanbilgi.com\/cikma\/wp-content\/uploads\/2024\/06\/CIKMA-CAMASIR-MAKINESI-MOTORU-1-300x226.png 300w, https:\/\/ikincielesya.afacanbilgi.com\/cikma\/wp-content\/uploads\/2024\/06\/CIKMA-CAMASIR-MAKINESI-MOTORU-1-768x578.png 768w, https:\/\/ikincielesya.afacanbilgi.com\/cikma\/wp-content\/uploads\/2024\/06\/CIKMA-CAMASIR-MAKINESI-MOTORU-1-160x120.png 160w, https:\/\/ikincielesya.afacanbilgi.com\/cikma\/wp-content\/uploads\/2024\/06\/CIKMA-CAMASIR-MAKINESI-MOTORU-1-600x451.png 600w\" sizes=\"auto, (max-width: 783px) 100vw, 783px\" \/><p id=\"caption-attachment-427\" class=\"wp-caption-text\">\u00c7IKMA \u00c7AMA\u015eIR MAK\u0130NES\u0130 MOTORU<\/p><\/div>\n<p><img loading=\"lazy\" decoding=\"async\" class=\"aligncenter size-full wp-image-428\" src=\"https:\/\/ikincielesya.afacanbilgi.com\/cikma\/wp-content\/uploads\/2024\/06\/CIKMA-CAMASIR-MAKINESI-MOTORU-2.png\" alt=\"\" width=\"770\" height=\"585\" title=\"\" srcset=\"https:\/\/ikincielesya.afacanbilgi.com\/cikma\/wp-content\/uploads\/2024\/06\/CIKMA-CAMASIR-MAKINESI-MOTORU-2.png 770w, https:\/\/ikincielesya.afacanbilgi.com\/cikma\/wp-content\/uploads\/2024\/06\/CIKMA-CAMASIR-MAKINESI-MOTORU-2-300x228.png 300w, https:\/\/ikincielesya.afacanbilgi.com\/cikma\/wp-content\/uploads\/2024\/06\/CIKMA-CAMASIR-MAKINESI-MOTORU-2-768x583.png 768w, https:\/\/ikincielesya.afacanbilgi.com\/cikma\/wp-content\/uploads\/2024\/06\/CIKMA-CAMASIR-MAKINESI-MOTORU-2-600x456.png 600w\" sizes=\"auto, (max-width: 770px) 100vw, 770px\" \/><\/p>\n","protected":false},"excerpt":{"rendered":"<p><strong>\u00c7IKMA \u00c7AMA\u015eIR MAK\u0130NES\u0130 MOTORU<\/strong> Beko D15081B \u00c7ama\u015f\u0131r Makinesi Motoru &#8211; 2806850900: \u00c7ama\u015f\u0131r makinenizin motorunda ar\u0131za yapt\u0131 ise uygun \u00fcr\u00fcn i\u00e7in do\u011fru adrestesiniz \u00c7\u0131kma \u00e7ama\u015f\u0131r makinesi motoru fiyat\u0131 Hurda \u00e7ama\u015f\u0131r makinesi motoru fiyatlar\u0131 Drenaj pompas\u0131 Motor su \u00e7\u0131k\u0131\u015f motorlar \u00e7ama\u015f\u0131r makinesi par\u00e7alar\u0131 Samsung LG \u00c7ama\u015f\u0131r Makinesi Motoru Fiyatlar\u0131<br \/>\nEski \u00c7ama\u015f\u0131r Makinesi Motoru Vestel Bula\u015f\u0131k Makinesi Sirk\u00fclasyon Motoru (\u00c7IKMA)<\/p>\n","protected":false},"featured_media":428,"template":"","meta":[],"product_brand":[],"product_cat":[30],"product_tag":[37],"class_list":{"0":"post-426","1":"product","2":"type-product","3":"status-publish","4":"has-post-thumbnail","6":"product_cat-ikinci-el-beyaz-esya","7":"product_tag-ikinci-el-camasir-makinesi","9":"first","10":"instock","11":"sale","12":"shipping-taxable","13":"purchasable","14":"product-type-simple"},"_links":{"self":[{"href":"https:\/\/ikincielesya.afacanbilgi.com\/cikma\/wp-json\/wp\/v2\/product\/426","targetHints":{"allow":["GET"]}}],"collection":[{"href":"https:\/\/ikincielesya.afacanbilgi.com\/cikma\/wp-json\/wp\/v2\/product"}],"about":[{"href":"https:\/\/ikincielesya.afacanbilgi.com\/cikma\/wp-json\/wp\/v2\/types\/product"}],"wp:featuredmedia":[{"embeddable":true,"href":"https:\/\/ikincielesya.afacanbilgi.com\/cikma\/wp-json\/wp\/v2\/media\/428"}],"wp:attachment":[{"href":"https:\/\/ikincielesya.afacanbilgi.com\/cikma\/wp-json\/wp\/v2\/media?parent=426"}],"wp:term":[{"taxonomy":"product_brand","embeddable":true,"href":"https:\/\/ikincielesya.afacanbilgi.com\/cikma\/wp-json\/wp\/v2\/product_brand?post=426"},{"taxonomy":"product_cat","embeddable":true,"href":"https:\/\/ikincielesya.afacanbilgi.com\/cikma\/wp-json\/wp\/v2\/product_cat?post=426"},{"taxonomy":"product_tag","embeddable":true,"href":"https:\/\/ikincielesya.afacanbilgi.com\/cikma\/wp-json\/wp\/v2\/product_tag?post=426"}],"curies":[{"name":"wp","href":"https:\/\/api.w.org\/{rel}","templated":true}]}}