{"id":435,"date":"2024-06-07T17:33:35","date_gmt":"2024-06-07T14:33:35","guid":{"rendered":"https:\/\/ikincielesya.afacanbilgi.com\/cikma\/?post_type=product&#038;p=435"},"modified":"2024-06-07T17:33:43","modified_gmt":"2024-06-07T14:33:43","slug":"ikinci-el-temiz-ve-civisiz-insaatlik-kerestesi-10-10","status":"publish","type":"product","link":"https:\/\/ikincielesya.afacanbilgi.com\/cikma\/urun\/ikinci-el-temiz-ve-civisiz-insaatlik-kerestesi-10-10\/","title":{"rendered":"ikinci el temiz ve \u00e7ivisiz in\u015faatl\u0131k kerestesi 10 10"},"content":{"rendered":"<div id=\"attachment_433\" style=\"width: 1007px\" class=\"wp-caption aligncenter\"><img loading=\"lazy\" decoding=\"async\" aria-describedby=\"caption-attachment-433\" class=\"wp-image-433 size-full\" title=\"in\u015faatl\u0131k kerestesi 10 10\" src=\"https:\/\/ikincielesya.afacanbilgi.com\/cikma\/wp-content\/uploads\/2024\/06\/insaatlik-kerestesi-10-10-2.png\" alt=\"\" width=\"997\" height=\"633\" srcset=\"https:\/\/ikincielesya.afacanbilgi.com\/cikma\/wp-content\/uploads\/2024\/06\/insaatlik-kerestesi-10-10-2.png 997w, https:\/\/ikincielesya.afacanbilgi.com\/cikma\/wp-content\/uploads\/2024\/06\/insaatlik-kerestesi-10-10-2-300x190.png 300w, https:\/\/ikincielesya.afacanbilgi.com\/cikma\/wp-content\/uploads\/2024\/06\/insaatlik-kerestesi-10-10-2-768x488.png 768w, https:\/\/ikincielesya.afacanbilgi.com\/cikma\/wp-content\/uploads\/2024\/06\/insaatlik-kerestesi-10-10-2-600x381.png 600w\" sizes=\"auto, (max-width: 997px) 100vw, 997px\" \/><p id=\"caption-attachment-433\" class=\"wp-caption-text\">in\u015faatl\u0131k kerestesi 10 10<\/p><\/div>\n<p><img loading=\"lazy\" decoding=\"async\" class=\"aligncenter size-full wp-image-434\" src=\"https:\/\/ikincielesya.afacanbilgi.com\/cikma\/wp-content\/uploads\/2024\/06\/insaatlik-kerestesi-10-10-1.png\" alt=\"\" width=\"841\" height=\"622\" title=\"\" srcset=\"https:\/\/ikincielesya.afacanbilgi.com\/cikma\/wp-content\/uploads\/2024\/06\/insaatlik-kerestesi-10-10-1.png 841w, https:\/\/ikincielesya.afacanbilgi.com\/cikma\/wp-content\/uploads\/2024\/06\/insaatlik-kerestesi-10-10-1-300x222.png 300w, https:\/\/ikincielesya.afacanbilgi.com\/cikma\/wp-content\/uploads\/2024\/06\/insaatlik-kerestesi-10-10-1-768x568.png 768w, https:\/\/ikincielesya.afacanbilgi.com\/cikma\/wp-content\/uploads\/2024\/06\/insaatlik-kerestesi-10-10-1-600x444.png 600w\" sizes=\"auto, (max-width: 841px) 100vw, 841px\" \/><\/p>\n<p><strong>2. el kereste (5&#215;10) 5&#215;10<\/strong> kereste t\u00fcr\u00fc, 5 in\u00e7 kal\u0131nl\u0131\u011f\u0131nda ve 10 in\u00e7 geni\u015fli\u011findedir. Ancak, metrik sistemde<br \/>\n2 El kereste Fiyatlar\u0131 sahibinden \u0130n\u015faatl\u0131k kereste akl\u0131m\u0131za gelen her alanda kullan\u0131l\u0131r ba\u015fl\u0131ca kullan\u0131m alanlar\u0131 5 e 10 kereste ne demek? 10 10 kalas ka\u00e7 metre?<\/p>\n","protected":false},"excerpt":{"rendered":"<p>in\u015faatl\u0131k kerestesi 10 10 \u0130n\u015faatl\u0131k kereste Insaat kalip malzemeleri adina hersey mevcuttur . Kalite ve uygun fiyat guvencesi ile bir ad\u0131m daha \u00f6ndeyiz . \u0130n\u015faatl\u0131k kereste. 675.000 TL. Ankara, Mamak. 80*120 Euro \u0130n\u015faat kerestesi metrek\u00fcp\u00fc ka\u00e7 TL? Yine in\u015faat alan\u0131nda 10 cm-12 cm-15 cm-18 cm-20 cm ebatlar\u0131nda ikinci el kereste 5 e 10 kereste fiyatlar\u0131 ne kadar? 2. el kereste letgo<\/p>\n","protected":false},"featured_media":433,"template":"","meta":[],"product_brand":[],"product_cat":[32],"product_tag":[],"class_list":{"0":"post-435","1":"product","2":"type-product","3":"status-publish","4":"has-post-thumbnail","6":"product_cat-ikinci-el-mobilya","8":"first","9":"instock","10":"sale","11":"shipping-taxable","12":"purchasable","13":"product-type-simple"},"_links":{"self":[{"href":"https:\/\/ikincielesya.afacanbilgi.com\/cikma\/wp-json\/wp\/v2\/product\/435","targetHints":{"allow":["GET"]}}],"collection":[{"href":"https:\/\/ikincielesya.afacanbilgi.com\/cikma\/wp-json\/wp\/v2\/product"}],"about":[{"href":"https:\/\/ikincielesya.afacanbilgi.com\/cikma\/wp-json\/wp\/v2\/types\/product"}],"wp:featuredmedia":[{"embeddable":true,"href":"https:\/\/ikincielesya.afacanbilgi.com\/cikma\/wp-json\/wp\/v2\/media\/433"}],"wp:attachment":[{"href":"https:\/\/ikincielesya.afacanbilgi.com\/cikma\/wp-json\/wp\/v2\/media?parent=435"}],"wp:term":[{"taxonomy":"product_brand","embeddable":true,"href":"https:\/\/ikincielesya.afacanbilgi.com\/cikma\/wp-json\/wp\/v2\/product_brand?post=435"},{"taxonomy":"product_cat","embeddable":true,"href":"https:\/\/ikincielesya.afacanbilgi.com\/cikma\/wp-json\/wp\/v2\/product_cat?post=435"},{"taxonomy":"product_tag","embeddable":true,"href":"https:\/\/ikincielesya.afacanbilgi.com\/cikma\/wp-json\/wp\/v2\/product_tag?post=435"}],"curies":[{"name":"wp","href":"https:\/\/api.w.org\/{rel}","templated":true}]}}