{"id":439,"date":"2024-06-11T11:04:43","date_gmt":"2024-06-11T08:04:43","guid":{"rendered":"https:\/\/ikincielesya.afacanbilgi.com\/cikma\/?post_type=product&#038;p=439"},"modified":"2024-06-11T11:04:43","modified_gmt":"2024-06-11T08:04:43","slug":"ikinci-el-doblo-sol-kapi","status":"publish","type":"product","link":"https:\/\/ikincielesya.afacanbilgi.com\/cikma\/urun\/ikinci-el-doblo-sol-kapi\/","title":{"rendered":"ikinci el doblo sol kap\u0131"},"content":{"rendered":"<div id=\"attachment_440\" style=\"width: 1149px\" class=\"wp-caption aligncenter\"><img loading=\"lazy\" decoding=\"async\" aria-describedby=\"caption-attachment-440\" class=\"wp-image-440 size-full\" title=\"ikinci el doblo sol kap\u0131\" src=\"https:\/\/ikincielesya.afacanbilgi.com\/cikma\/wp-content\/uploads\/2024\/06\/ikinci-el-doblo-sol-kapi-2.png\" alt=\"\" width=\"1139\" height=\"514\" srcset=\"https:\/\/ikincielesya.afacanbilgi.com\/cikma\/wp-content\/uploads\/2024\/06\/ikinci-el-doblo-sol-kapi-2.png 1139w, https:\/\/ikincielesya.afacanbilgi.com\/cikma\/wp-content\/uploads\/2024\/06\/ikinci-el-doblo-sol-kapi-2-300x135.png 300w, https:\/\/ikincielesya.afacanbilgi.com\/cikma\/wp-content\/uploads\/2024\/06\/ikinci-el-doblo-sol-kapi-2-1024x462.png 1024w, https:\/\/ikincielesya.afacanbilgi.com\/cikma\/wp-content\/uploads\/2024\/06\/ikinci-el-doblo-sol-kapi-2-768x347.png 768w, https:\/\/ikincielesya.afacanbilgi.com\/cikma\/wp-content\/uploads\/2024\/06\/ikinci-el-doblo-sol-kapi-2-600x271.png 600w\" sizes=\"auto, (max-width: 1139px) 100vw, 1139px\" \/><p id=\"caption-attachment-440\" class=\"wp-caption-text\">ikinci el doblo sol kap\u0131<\/p><\/div>\n<p><img loading=\"lazy\" decoding=\"async\" class=\"aligncenter size-full wp-image-441\" src=\"https:\/\/ikincielesya.afacanbilgi.com\/cikma\/wp-content\/uploads\/2024\/06\/ikinci-el-doblo-sol-kapi-1.png\" alt=\"\" width=\"838\" height=\"633\" title=\"\" srcset=\"https:\/\/ikincielesya.afacanbilgi.com\/cikma\/wp-content\/uploads\/2024\/06\/ikinci-el-doblo-sol-kapi-1.png 838w, https:\/\/ikincielesya.afacanbilgi.com\/cikma\/wp-content\/uploads\/2024\/06\/ikinci-el-doblo-sol-kapi-1-300x227.png 300w, https:\/\/ikincielesya.afacanbilgi.com\/cikma\/wp-content\/uploads\/2024\/06\/ikinci-el-doblo-sol-kapi-1-768x580.png 768w, https:\/\/ikincielesya.afacanbilgi.com\/cikma\/wp-content\/uploads\/2024\/06\/ikinci-el-doblo-sol-kapi-1-160x120.png 160w, https:\/\/ikincielesya.afacanbilgi.com\/cikma\/wp-content\/uploads\/2024\/06\/ikinci-el-doblo-sol-kapi-1-600x453.png 600w\" sizes=\"auto, (max-width: 838px) 100vw, 838px\" \/><\/p>\n","protected":false},"excerpt":{"rendered":"<p><strong>K\u0130L\u0130T \u00d6N KAPI SOL ,ELEKTRIKLI ORJINAL LANC\u0130A F\u0130AT DOBLO<\/strong> 2009 MODEL VE \u00d6NCES\u0130 Fiat Doblo 1 ve 2 Kasa \u00d6n Kap\u0131 Fitili Sol ve Sa\u011f 2 en iyi fiyatla MUAD\u0130L FIAT YEDEK PAR\u00c7A \u00fcnl\u00fc oto Fiat Doblo Sol \u00d6n Kap\u0131 Cam Krikosu Motoru \u0130kinci el araba yedek par\u00e7as\u0131 arka sol kapi i\u00e7in fiat doblo (elektrikli) yorumlar\u0131n\u0131 inceleyin, 51843471. K\u0130L\u0130T \u00d6N KAPI K\u0130L\u0130D\u0130 SOL DOBLO,\u00d6N SOL .<\/p>\n","protected":false},"featured_media":441,"template":"","meta":[],"product_brand":[],"product_cat":[15,31],"product_tag":[],"class_list":{"0":"post-439","1":"product","2":"type-product","3":"status-publish","4":"has-post-thumbnail","6":"product_cat-ikinci-el-esya","7":"product_cat-ikinci-el-is-makineleri","9":"first","10":"instock","11":"sale","12":"shipping-taxable","13":"purchasable","14":"product-type-simple"},"_links":{"self":[{"href":"https:\/\/ikincielesya.afacanbilgi.com\/cikma\/wp-json\/wp\/v2\/product\/439","targetHints":{"allow":["GET"]}}],"collection":[{"href":"https:\/\/ikincielesya.afacanbilgi.com\/cikma\/wp-json\/wp\/v2\/product"}],"about":[{"href":"https:\/\/ikincielesya.afacanbilgi.com\/cikma\/wp-json\/wp\/v2\/types\/product"}],"wp:featuredmedia":[{"embeddable":true,"href":"https:\/\/ikincielesya.afacanbilgi.com\/cikma\/wp-json\/wp\/v2\/media\/441"}],"wp:attachment":[{"href":"https:\/\/ikincielesya.afacanbilgi.com\/cikma\/wp-json\/wp\/v2\/media?parent=439"}],"wp:term":[{"taxonomy":"product_brand","embeddable":true,"href":"https:\/\/ikincielesya.afacanbilgi.com\/cikma\/wp-json\/wp\/v2\/product_brand?post=439"},{"taxonomy":"product_cat","embeddable":true,"href":"https:\/\/ikincielesya.afacanbilgi.com\/cikma\/wp-json\/wp\/v2\/product_cat?post=439"},{"taxonomy":"product_tag","embeddable":true,"href":"https:\/\/ikincielesya.afacanbilgi.com\/cikma\/wp-json\/wp\/v2\/product_tag?post=439"}],"curies":[{"name":"wp","href":"https:\/\/api.w.org\/{rel}","templated":true}]}}