{"id":447,"date":"2024-06-15T16:36:25","date_gmt":"2024-06-15T13:36:25","guid":{"rendered":"https:\/\/ikincielesya.afacanbilgi.com\/cikma\/?post_type=product&#038;p=447"},"modified":"2024-06-15T16:36:25","modified_gmt":"2024-06-15T13:36:25","slug":"aluminyum-katlanan-sezlong-saglam-ve-kaliteli-bozulma-kirilma-yapmaz","status":"publish","type":"product","link":"https:\/\/ikincielesya.afacanbilgi.com\/cikma\/urun\/aluminyum-katlanan-sezlong-saglam-ve-kaliteli-bozulma-kirilma-yapmaz\/","title":{"rendered":"Aluminyum katlanan \u015fezlong  sa\u011flam ve kaliteli bozulma k\u0131r\u0131lma yapmaz"},"content":{"rendered":"<p><img loading=\"lazy\" decoding=\"async\" class=\"aligncenter size-full wp-image-448\" src=\"https:\/\/ikincielesya.afacanbilgi.com\/cikma\/wp-content\/uploads\/2024\/06\/Aluminyum-katlanan-sezlong-1.png\" alt=\"\" width=\"846\" height=\"627\" title=\"\" srcset=\"https:\/\/ikincielesya.afacanbilgi.com\/cikma\/wp-content\/uploads\/2024\/06\/Aluminyum-katlanan-sezlong-1.png 846w, https:\/\/ikincielesya.afacanbilgi.com\/cikma\/wp-content\/uploads\/2024\/06\/Aluminyum-katlanan-sezlong-1-300x222.png 300w, https:\/\/ikincielesya.afacanbilgi.com\/cikma\/wp-content\/uploads\/2024\/06\/Aluminyum-katlanan-sezlong-1-768x569.png 768w, https:\/\/ikincielesya.afacanbilgi.com\/cikma\/wp-content\/uploads\/2024\/06\/Aluminyum-katlanan-sezlong-1-160x120.png 160w, https:\/\/ikincielesya.afacanbilgi.com\/cikma\/wp-content\/uploads\/2024\/06\/Aluminyum-katlanan-sezlong-1-600x445.png 600w\" sizes=\"auto, (max-width: 846px) 100vw, 846px\" \/> <img loading=\"lazy\" decoding=\"async\" class=\"aligncenter size-full wp-image-449\" src=\"https:\/\/ikincielesya.afacanbilgi.com\/cikma\/wp-content\/uploads\/2024\/06\/Aluminyum-katlanan-sezlong-2.png\" alt=\"\" width=\"744\" height=\"633\" title=\"\" srcset=\"https:\/\/ikincielesya.afacanbilgi.com\/cikma\/wp-content\/uploads\/2024\/06\/Aluminyum-katlanan-sezlong-2.png 744w, https:\/\/ikincielesya.afacanbilgi.com\/cikma\/wp-content\/uploads\/2024\/06\/Aluminyum-katlanan-sezlong-2-300x255.png 300w, https:\/\/ikincielesya.afacanbilgi.com\/cikma\/wp-content\/uploads\/2024\/06\/Aluminyum-katlanan-sezlong-2-600x510.png 600w\" sizes=\"auto, (max-width: 744px) 100vw, 744px\" \/><\/p>\n","protected":false},"excerpt":{"rendered":"<p><strong>Ayn\u0131 zamanda al\u00fcminyum olmas\u0131n\u0131n verdi\u011fi sa\u011flam yap\u0131 katlan\u0131r<\/strong> \u015fezlong &#8211; migros IKEA \u015fezlong<br \/>\nAl\u00fcminyum \u015eezlong Fiyatlar\u0131 sayesinde Al\u00fcminyum iskeleti sayesinde g\u00fcne\u015fe ve suya kar\u015f\u0131 y\u00fcksek dayan\u0131kl\u0131l\u0131k sa\u011flayan Move Al\u00fcminyum Katlan\u0131r Antrasit \u015eezlong plastiklere oranla k\u0131r\u0131lma oran\u0131 daha d\u00fc\u015f\u00fckt\u00fcr. &#8230; \u015fezlong katlan\u0131r \u015fezlong al\u00fcminyum modelleri T\u00fcm diki\u015flerde DURAF\u0130X Marka kaliteli ve sa\u011flam iplikler kullan\u0131lm\u0131\u015ft\u0131r. \u00d6zellikler:<\/p>\n","protected":false},"featured_media":448,"template":"","meta":[],"product_brand":[],"product_cat":[33],"product_tag":[],"class_list":{"0":"post-447","1":"product","2":"type-product","3":"status-publish","4":"has-post-thumbnail","6":"product_cat-spot-defolu-esya","8":"first","9":"instock","10":"sale","11":"shipping-taxable","12":"purchasable","13":"product-type-simple"},"_links":{"self":[{"href":"https:\/\/ikincielesya.afacanbilgi.com\/cikma\/wp-json\/wp\/v2\/product\/447","targetHints":{"allow":["GET"]}}],"collection":[{"href":"https:\/\/ikincielesya.afacanbilgi.com\/cikma\/wp-json\/wp\/v2\/product"}],"about":[{"href":"https:\/\/ikincielesya.afacanbilgi.com\/cikma\/wp-json\/wp\/v2\/types\/product"}],"wp:featuredmedia":[{"embeddable":true,"href":"https:\/\/ikincielesya.afacanbilgi.com\/cikma\/wp-json\/wp\/v2\/media\/448"}],"wp:attachment":[{"href":"https:\/\/ikincielesya.afacanbilgi.com\/cikma\/wp-json\/wp\/v2\/media?parent=447"}],"wp:term":[{"taxonomy":"product_brand","embeddable":true,"href":"https:\/\/ikincielesya.afacanbilgi.com\/cikma\/wp-json\/wp\/v2\/product_brand?post=447"},{"taxonomy":"product_cat","embeddable":true,"href":"https:\/\/ikincielesya.afacanbilgi.com\/cikma\/wp-json\/wp\/v2\/product_cat?post=447"},{"taxonomy":"product_tag","embeddable":true,"href":"https:\/\/ikincielesya.afacanbilgi.com\/cikma\/wp-json\/wp\/v2\/product_tag?post=447"}],"curies":[{"name":"wp","href":"https:\/\/api.w.org\/{rel}","templated":true}]}}