{"id":451,"date":"2024-06-24T16:34:07","date_gmt":"2024-06-24T13:34:07","guid":{"rendered":"https:\/\/ikincielesya.afacanbilgi.com\/cikma\/?post_type=product&#038;p=451"},"modified":"2024-06-24T16:34:07","modified_gmt":"2024-06-24T13:34:07","slug":"spot-fayans-yapistirici-saglam-ve-kaliteli-yapistiricilar","status":"publish","type":"product","link":"https:\/\/ikincielesya.afacanbilgi.com\/cikma\/urun\/spot-fayans-yapistirici-saglam-ve-kaliteli-yapistiricilar\/","title":{"rendered":"Spot fayans yap\u0131\u015ft\u0131r\u0131c\u0131 sa\u011flam ve kaliteli yap\u0131\u015ft\u0131r\u0131c\u0131lar"},"content":{"rendered":"<p><img loading=\"lazy\" decoding=\"async\" class=\"aligncenter size-full wp-image-452\" src=\"https:\/\/ikincielesya.afacanbilgi.com\/cikma\/wp-content\/uploads\/2024\/06\/Spot-fayans-yapistirici-2.png\" alt=\"\" width=\"877\" height=\"614\" title=\"\" srcset=\"https:\/\/ikincielesya.afacanbilgi.com\/cikma\/wp-content\/uploads\/2024\/06\/Spot-fayans-yapistirici-2.png 877w, https:\/\/ikincielesya.afacanbilgi.com\/cikma\/wp-content\/uploads\/2024\/06\/Spot-fayans-yapistirici-2-300x210.png 300w, https:\/\/ikincielesya.afacanbilgi.com\/cikma\/wp-content\/uploads\/2024\/06\/Spot-fayans-yapistirici-2-768x538.png 768w, https:\/\/ikincielesya.afacanbilgi.com\/cikma\/wp-content\/uploads\/2024\/06\/Spot-fayans-yapistirici-2-600x420.png 600w\" sizes=\"auto, (max-width: 877px) 100vw, 877px\" \/> <img loading=\"lazy\" decoding=\"async\" class=\"aligncenter size-full wp-image-453\" src=\"https:\/\/ikincielesya.afacanbilgi.com\/cikma\/wp-content\/uploads\/2024\/06\/Spot-fayans-yapistirici-1.png\" alt=\"\" width=\"635\" height=\"638\" title=\"\" srcset=\"https:\/\/ikincielesya.afacanbilgi.com\/cikma\/wp-content\/uploads\/2024\/06\/Spot-fayans-yapistirici-1.png 635w, https:\/\/ikincielesya.afacanbilgi.com\/cikma\/wp-content\/uploads\/2024\/06\/Spot-fayans-yapistirici-1-300x300.png 300w, https:\/\/ikincielesya.afacanbilgi.com\/cikma\/wp-content\/uploads\/2024\/06\/Spot-fayans-yapistirici-1-150x150.png 150w, https:\/\/ikincielesya.afacanbilgi.com\/cikma\/wp-content\/uploads\/2024\/06\/Spot-fayans-yapistirici-1-600x603.png 600w, https:\/\/ikincielesya.afacanbilgi.com\/cikma\/wp-content\/uploads\/2024\/06\/Spot-fayans-yapistirici-1-100x100.png 100w\" sizes=\"auto, (max-width: 635px) 100vw, 635px\" \/><\/p>\n","protected":false},"excerpt":{"rendered":"<p><strong>Spot fayans yap\u0131\u015ft\u0131r\u0131c\u0131 \u00dcST\u00dcNSER EXTRA SERAM\u0130K<\/strong> YAPI\u015eTIRICI 120 TL KDV DAH\u0130L. Banyo ve mutfaklarda beyaz seramik yap\u0131\u015ft\u0131r\u0131c\u0131 size y\u00fcksek kalite sa\u011flar. Banyolarda tercih 120,00 \u20ba. \u00dcr\u00fcne Git Sepete Ekle. Fayans yap\u0131\u015ft\u0131r\u0131c\u0131s\u0131 en iyisi hangisi? Seramik yap\u0131\u015ft\u0131r\u0131c\u0131 \u00e7e\u015fitleri uygun fiyatlar ile Ko\u00e7ta\u015f&#8217;ta. Fayans yap\u0131\u015ft\u0131r\u0131c\u0131 fiyatlar\u0131n\u0131 ke\u015ffetmek Fayans \u00fczerine hangi yap\u0131\u015ft\u0131r\u0131c\u0131 kullan\u0131l\u0131r?<br \/>\n1 torba seramik yap\u0131\u015ft\u0131r\u0131c\u0131 ka\u00e7 m2 yer yapar? Seramik en iyi ne ile yap\u0131\u015f\u0131r? MANTOLAMA<\/p>\n","protected":false},"featured_media":453,"template":"","meta":[],"product_brand":[],"product_cat":[33],"product_tag":[],"class_list":{"0":"post-451","1":"product","2":"type-product","3":"status-publish","4":"has-post-thumbnail","6":"product_cat-spot-defolu-esya","8":"first","9":"instock","10":"sale","11":"shipping-taxable","12":"purchasable","13":"product-type-simple"},"_links":{"self":[{"href":"https:\/\/ikincielesya.afacanbilgi.com\/cikma\/wp-json\/wp\/v2\/product\/451","targetHints":{"allow":["GET"]}}],"collection":[{"href":"https:\/\/ikincielesya.afacanbilgi.com\/cikma\/wp-json\/wp\/v2\/product"}],"about":[{"href":"https:\/\/ikincielesya.afacanbilgi.com\/cikma\/wp-json\/wp\/v2\/types\/product"}],"wp:featuredmedia":[{"embeddable":true,"href":"https:\/\/ikincielesya.afacanbilgi.com\/cikma\/wp-json\/wp\/v2\/media\/453"}],"wp:attachment":[{"href":"https:\/\/ikincielesya.afacanbilgi.com\/cikma\/wp-json\/wp\/v2\/media?parent=451"}],"wp:term":[{"taxonomy":"product_brand","embeddable":true,"href":"https:\/\/ikincielesya.afacanbilgi.com\/cikma\/wp-json\/wp\/v2\/product_brand?post=451"},{"taxonomy":"product_cat","embeddable":true,"href":"https:\/\/ikincielesya.afacanbilgi.com\/cikma\/wp-json\/wp\/v2\/product_cat?post=451"},{"taxonomy":"product_tag","embeddable":true,"href":"https:\/\/ikincielesya.afacanbilgi.com\/cikma\/wp-json\/wp\/v2\/product_tag?post=451"}],"curies":[{"name":"wp","href":"https:\/\/api.w.org\/{rel}","templated":true}]}}