{"id":458,"date":"2024-07-06T12:24:48","date_gmt":"2024-07-06T09:24:48","guid":{"rendered":"https:\/\/ikincielesya.afacanbilgi.com\/cikma\/?post_type=product&#038;p=458"},"modified":"2024-07-06T12:24:48","modified_gmt":"2024-07-06T09:24:48","slug":"cikma-celik-halat-saglam-gemi-yat-baglamak-icin-kalin-celik-halat","status":"publish","type":"product","link":"https:\/\/ikincielesya.afacanbilgi.com\/cikma\/urun\/cikma-celik-halat-saglam-gemi-yat-baglamak-icin-kalin-celik-halat\/","title":{"rendered":"\u00c7\u0131kma \u00e7elik halat sa\u011flam gemi yat ba\u011flamak i\u00e7in kal\u0131n \u00e7elik halat"},"content":{"rendered":"<p><img loading=\"lazy\" decoding=\"async\" class=\"aligncenter size-full wp-image-459\" src=\"https:\/\/ikincielesya.afacanbilgi.com\/cikma\/wp-content\/uploads\/2024\/07\/gemi-yat-baglamak-icin-kalin-celik-halat-1.png\" alt=\"\" width=\"986\" height=\"629\" title=\"\" srcset=\"https:\/\/ikincielesya.afacanbilgi.com\/cikma\/wp-content\/uploads\/2024\/07\/gemi-yat-baglamak-icin-kalin-celik-halat-1.png 986w, https:\/\/ikincielesya.afacanbilgi.com\/cikma\/wp-content\/uploads\/2024\/07\/gemi-yat-baglamak-icin-kalin-celik-halat-1-300x191.png 300w, https:\/\/ikincielesya.afacanbilgi.com\/cikma\/wp-content\/uploads\/2024\/07\/gemi-yat-baglamak-icin-kalin-celik-halat-1-768x490.png 768w, https:\/\/ikincielesya.afacanbilgi.com\/cikma\/wp-content\/uploads\/2024\/07\/gemi-yat-baglamak-icin-kalin-celik-halat-1-600x383.png 600w\" sizes=\"auto, (max-width: 986px) 100vw, 986px\" \/> <img loading=\"lazy\" decoding=\"async\" class=\"aligncenter size-full wp-image-460\" src=\"https:\/\/ikincielesya.afacanbilgi.com\/cikma\/wp-content\/uploads\/2024\/07\/gemi-yat-baglamak-icin-kalin-celik-halat-2.png\" alt=\"\" width=\"791\" height=\"508\" title=\"\" srcset=\"https:\/\/ikincielesya.afacanbilgi.com\/cikma\/wp-content\/uploads\/2024\/07\/gemi-yat-baglamak-icin-kalin-celik-halat-2.png 791w, https:\/\/ikincielesya.afacanbilgi.com\/cikma\/wp-content\/uploads\/2024\/07\/gemi-yat-baglamak-icin-kalin-celik-halat-2-300x193.png 300w, https:\/\/ikincielesya.afacanbilgi.com\/cikma\/wp-content\/uploads\/2024\/07\/gemi-yat-baglamak-icin-kalin-celik-halat-2-768x493.png 768w, https:\/\/ikincielesya.afacanbilgi.com\/cikma\/wp-content\/uploads\/2024\/07\/gemi-yat-baglamak-icin-kalin-celik-halat-2-600x385.png 600w\" sizes=\"auto, (max-width: 791px) 100vw, 791px\" \/> <img loading=\"lazy\" decoding=\"async\" class=\"aligncenter size-full wp-image-461\" src=\"https:\/\/ikincielesya.afacanbilgi.com\/cikma\/wp-content\/uploads\/2024\/07\/gemi-yat-baglamak-icin-kalin-celik-halat-3.png\" alt=\"\" width=\"791\" height=\"507\" title=\"\" srcset=\"https:\/\/ikincielesya.afacanbilgi.com\/cikma\/wp-content\/uploads\/2024\/07\/gemi-yat-baglamak-icin-kalin-celik-halat-3.png 791w, https:\/\/ikincielesya.afacanbilgi.com\/cikma\/wp-content\/uploads\/2024\/07\/gemi-yat-baglamak-icin-kalin-celik-halat-3-300x192.png 300w, https:\/\/ikincielesya.afacanbilgi.com\/cikma\/wp-content\/uploads\/2024\/07\/gemi-yat-baglamak-icin-kalin-celik-halat-3-768x492.png 768w, https:\/\/ikincielesya.afacanbilgi.com\/cikma\/wp-content\/uploads\/2024\/07\/gemi-yat-baglamak-icin-kalin-celik-halat-3-600x385.png 600w\" sizes=\"auto, (max-width: 791px) 100vw, 791px\" \/><\/p>\n","protected":false},"excerpt":{"rendered":"<p><strong>gemi yat ba\u011flamak i\u00e7in kal\u0131n \u00e7elik halat \u0130kinci El G\u00fcverte<\/strong> Deniz \u00c7elik halat, kendir ip, has\u0131r, \u00f6rg\u00fc halat ve urgan halat gibi bir\u00e7ok halat \u00e7e\u015fidi vard\u0131r. Dalg\u0131\u00e7 ve bal\u0131k Yurtd\u0131\u015f\u0131nda bir proje i\u00e7in m\u00fc\u015fterimiz korsan gemisi tarz\u0131nda bir gemi istiyor elinde olan adamlar\u0131n kulland\u0131\u011f\u0131 malzemelerden Arac\u0131 Ekipmanlar\u0131 m\u0131 ar\u0131yorsunuz? G\u00fcverte Deniz Arac\u0131 Ekipmanlar\u0131 Kararl\u0131 otomatik y\u00fcksek kaliteli tel a\u011f\u0131r halatlar Li-ion pil \u00e7elik demir ba\u011flama makinesi.<\/p>\n","protected":false},"featured_media":459,"template":"","meta":[],"product_brand":[],"product_cat":[15,31],"product_tag":[],"class_list":{"0":"post-458","1":"product","2":"type-product","3":"status-publish","4":"has-post-thumbnail","6":"product_cat-ikinci-el-esya","7":"product_cat-ikinci-el-is-makineleri","9":"first","10":"instock","11":"sale","12":"shipping-taxable","13":"purchasable","14":"product-type-simple"},"_links":{"self":[{"href":"https:\/\/ikincielesya.afacanbilgi.com\/cikma\/wp-json\/wp\/v2\/product\/458","targetHints":{"allow":["GET"]}}],"collection":[{"href":"https:\/\/ikincielesya.afacanbilgi.com\/cikma\/wp-json\/wp\/v2\/product"}],"about":[{"href":"https:\/\/ikincielesya.afacanbilgi.com\/cikma\/wp-json\/wp\/v2\/types\/product"}],"wp:featuredmedia":[{"embeddable":true,"href":"https:\/\/ikincielesya.afacanbilgi.com\/cikma\/wp-json\/wp\/v2\/media\/459"}],"wp:attachment":[{"href":"https:\/\/ikincielesya.afacanbilgi.com\/cikma\/wp-json\/wp\/v2\/media?parent=458"}],"wp:term":[{"taxonomy":"product_brand","embeddable":true,"href":"https:\/\/ikincielesya.afacanbilgi.com\/cikma\/wp-json\/wp\/v2\/product_brand?post=458"},{"taxonomy":"product_cat","embeddable":true,"href":"https:\/\/ikincielesya.afacanbilgi.com\/cikma\/wp-json\/wp\/v2\/product_cat?post=458"},{"taxonomy":"product_tag","embeddable":true,"href":"https:\/\/ikincielesya.afacanbilgi.com\/cikma\/wp-json\/wp\/v2\/product_tag?post=458"}],"curies":[{"name":"wp","href":"https:\/\/api.w.org\/{rel}","templated":true}]}}