{"id":467,"date":"2024-07-17T17:09:00","date_gmt":"2024-07-17T14:09:00","guid":{"rendered":"https:\/\/ikincielesya.afacanbilgi.com\/cikma\/?post_type=product&#038;p=467"},"modified":"2024-07-17T17:09:00","modified_gmt":"2024-07-17T14:09:00","slug":"cikma-demir-cubuk-her-turde-agir-takas-hayir-durumu-ikinci-el","status":"publish","type":"product","link":"https:\/\/ikincielesya.afacanbilgi.com\/cikma\/urun\/cikma-demir-cubuk-her-turde-agir-takas-hayir-durumu-ikinci-el\/","title":{"rendered":"\u00c7\u0131kma demir \u00e7ubuk her turde agir Takas Hay\u0131r; Durumu \u0130kinci El"},"content":{"rendered":"<p><img loading=\"lazy\" decoding=\"async\" src=\"https:\/\/ikincielesya.afacanbilgi.com\/cikma\/wp-content\/uploads\/2024\/07\/demir-cubuk-ikinci-el-3.png\" alt=\"\" width=\"985\" height=\"629\" class=\"aligncenter size-full wp-image-468\" title=\"\" srcset=\"https:\/\/ikincielesya.afacanbilgi.com\/cikma\/wp-content\/uploads\/2024\/07\/demir-cubuk-ikinci-el-3.png 985w, https:\/\/ikincielesya.afacanbilgi.com\/cikma\/wp-content\/uploads\/2024\/07\/demir-cubuk-ikinci-el-3-300x192.png 300w, https:\/\/ikincielesya.afacanbilgi.com\/cikma\/wp-content\/uploads\/2024\/07\/demir-cubuk-ikinci-el-3-768x490.png 768w, https:\/\/ikincielesya.afacanbilgi.com\/cikma\/wp-content\/uploads\/2024\/07\/demir-cubuk-ikinci-el-3-600x383.png 600w\" sizes=\"auto, (max-width: 985px) 100vw, 985px\" \/><\/p>\n<p><img loading=\"lazy\" decoding=\"async\" src=\"https:\/\/ikincielesya.afacanbilgi.com\/cikma\/wp-content\/uploads\/2024\/07\/demir-cubuk-ikinci-el-1.png\" alt=\"\" width=\"983\" height=\"630\" class=\"aligncenter size-full wp-image-469\" title=\"\" srcset=\"https:\/\/ikincielesya.afacanbilgi.com\/cikma\/wp-content\/uploads\/2024\/07\/demir-cubuk-ikinci-el-1.png 983w, https:\/\/ikincielesya.afacanbilgi.com\/cikma\/wp-content\/uploads\/2024\/07\/demir-cubuk-ikinci-el-1-300x192.png 300w, https:\/\/ikincielesya.afacanbilgi.com\/cikma\/wp-content\/uploads\/2024\/07\/demir-cubuk-ikinci-el-1-768x492.png 768w, https:\/\/ikincielesya.afacanbilgi.com\/cikma\/wp-content\/uploads\/2024\/07\/demir-cubuk-ikinci-el-1-600x385.png 600w\" sizes=\"auto, (max-width: 983px) 100vw, 983px\" \/><\/p>\n<p><img loading=\"lazy\" decoding=\"async\" src=\"https:\/\/ikincielesya.afacanbilgi.com\/cikma\/wp-content\/uploads\/2024\/07\/demir-cubuk-ikinci-el-2.png\" alt=\"\" width=\"985\" height=\"622\" class=\"aligncenter size-full wp-image-470\" title=\"\" srcset=\"https:\/\/ikincielesya.afacanbilgi.com\/cikma\/wp-content\/uploads\/2024\/07\/demir-cubuk-ikinci-el-2.png 985w, https:\/\/ikincielesya.afacanbilgi.com\/cikma\/wp-content\/uploads\/2024\/07\/demir-cubuk-ikinci-el-2-300x189.png 300w, https:\/\/ikincielesya.afacanbilgi.com\/cikma\/wp-content\/uploads\/2024\/07\/demir-cubuk-ikinci-el-2-768x485.png 768w, https:\/\/ikincielesya.afacanbilgi.com\/cikma\/wp-content\/uploads\/2024\/07\/demir-cubuk-ikinci-el-2-600x379.png 600w\" sizes=\"auto, (max-width: 985px) 100vw, 985px\" \/><\/p>\n","protected":false},"excerpt":{"rendered":"<p>demir \u00e7ubuk ikinci el T\u00fcr\u00fc \u0130n\u015faat Demiri; Kimden Ma\u011fazadan; \u0130kinci el her cesit demir urunleri mevcuttur. Cati kaplama malzemeleri profiller her turde agir Takas Hay\u0131r; Durumu \u0130kinci El. close. Param G\u00fcvende ile Sat\u0131n Alma Talebi. close. Bilgilendirme. Tamam. Param  Ikinci el demir fiyat\u0131 ne kadar?<br \/>\n1 boy 10 luk demir ka\u00e7 TL?<br \/>\n10 luk demir \u00e7ubuk ka\u00e7 kilo?<\/p>\n","protected":false},"featured_media":469,"template":"","meta":[],"product_brand":[],"product_cat":[15,31],"product_tag":[],"class_list":{"0":"post-467","1":"product","2":"type-product","3":"status-publish","4":"has-post-thumbnail","6":"product_cat-ikinci-el-esya","7":"product_cat-ikinci-el-is-makineleri","9":"first","10":"instock","11":"sale","12":"shipping-taxable","13":"purchasable","14":"product-type-simple"},"_links":{"self":[{"href":"https:\/\/ikincielesya.afacanbilgi.com\/cikma\/wp-json\/wp\/v2\/product\/467","targetHints":{"allow":["GET"]}}],"collection":[{"href":"https:\/\/ikincielesya.afacanbilgi.com\/cikma\/wp-json\/wp\/v2\/product"}],"about":[{"href":"https:\/\/ikincielesya.afacanbilgi.com\/cikma\/wp-json\/wp\/v2\/types\/product"}],"wp:featuredmedia":[{"embeddable":true,"href":"https:\/\/ikincielesya.afacanbilgi.com\/cikma\/wp-json\/wp\/v2\/media\/469"}],"wp:attachment":[{"href":"https:\/\/ikincielesya.afacanbilgi.com\/cikma\/wp-json\/wp\/v2\/media?parent=467"}],"wp:term":[{"taxonomy":"product_brand","embeddable":true,"href":"https:\/\/ikincielesya.afacanbilgi.com\/cikma\/wp-json\/wp\/v2\/product_brand?post=467"},{"taxonomy":"product_cat","embeddable":true,"href":"https:\/\/ikincielesya.afacanbilgi.com\/cikma\/wp-json\/wp\/v2\/product_cat?post=467"},{"taxonomy":"product_tag","embeddable":true,"href":"https:\/\/ikincielesya.afacanbilgi.com\/cikma\/wp-json\/wp\/v2\/product_tag?post=467"}],"curies":[{"name":"wp","href":"https:\/\/api.w.org\/{rel}","templated":true}]}}