{"id":475,"date":"2024-07-21T14:49:08","date_gmt":"2024-07-21T11:49:08","guid":{"rendered":"https:\/\/ikincielesya.afacanbilgi.com\/cikma\/?post_type=product&#038;p=475"},"modified":"2024-07-21T14:49:08","modified_gmt":"2024-07-21T11:49:08","slug":"salyangoz-fan-radyal-motor-emici-ufleyici-fan-toz-ac-aksiyel","status":"publish","type":"product","link":"https:\/\/ikincielesya.afacanbilgi.com\/cikma\/urun\/salyangoz-fan-radyal-motor-emici-ufleyici-fan-toz-ac-aksiyel\/","title":{"rendered":"Salyangoz Fan Radyal Motor Emici \u00dcfleyici Fan Toz AC Aksiyel"},"content":{"rendered":"<p><img loading=\"lazy\" decoding=\"async\" class=\"aligncenter size-full wp-image-476\" src=\"https:\/\/ikincielesya.afacanbilgi.com\/cikma\/wp-content\/uploads\/2024\/07\/Salyangoz-Fan-Radyal-Motor-Emici-Ufleyici-Fan-Toz-AC-Aksiyel-4.png\" alt=\"\" width=\"617\" height=\"635\" title=\"\" srcset=\"https:\/\/ikincielesya.afacanbilgi.com\/cikma\/wp-content\/uploads\/2024\/07\/Salyangoz-Fan-Radyal-Motor-Emici-Ufleyici-Fan-Toz-AC-Aksiyel-4.png 617w, https:\/\/ikincielesya.afacanbilgi.com\/cikma\/wp-content\/uploads\/2024\/07\/Salyangoz-Fan-Radyal-Motor-Emici-Ufleyici-Fan-Toz-AC-Aksiyel-4-291x300.png 291w, https:\/\/ikincielesya.afacanbilgi.com\/cikma\/wp-content\/uploads\/2024\/07\/Salyangoz-Fan-Radyal-Motor-Emici-Ufleyici-Fan-Toz-AC-Aksiyel-4-600x618.png 600w\" sizes=\"auto, (max-width: 617px) 100vw, 617px\" \/> <img loading=\"lazy\" decoding=\"async\" class=\"aligncenter size-full wp-image-477\" src=\"https:\/\/ikincielesya.afacanbilgi.com\/cikma\/wp-content\/uploads\/2024\/07\/Salyangoz-Fan-Radyal-Motor-Emici-Ufleyici-Fan-Toz-AC-Aksiyel-1.png\" alt=\"\" width=\"772\" height=\"631\" title=\"\" srcset=\"https:\/\/ikincielesya.afacanbilgi.com\/cikma\/wp-content\/uploads\/2024\/07\/Salyangoz-Fan-Radyal-Motor-Emici-Ufleyici-Fan-Toz-AC-Aksiyel-1.png 772w, https:\/\/ikincielesya.afacanbilgi.com\/cikma\/wp-content\/uploads\/2024\/07\/Salyangoz-Fan-Radyal-Motor-Emici-Ufleyici-Fan-Toz-AC-Aksiyel-1-300x245.png 300w, https:\/\/ikincielesya.afacanbilgi.com\/cikma\/wp-content\/uploads\/2024\/07\/Salyangoz-Fan-Radyal-Motor-Emici-Ufleyici-Fan-Toz-AC-Aksiyel-1-768x628.png 768w, https:\/\/ikincielesya.afacanbilgi.com\/cikma\/wp-content\/uploads\/2024\/07\/Salyangoz-Fan-Radyal-Motor-Emici-Ufleyici-Fan-Toz-AC-Aksiyel-1-600x490.png 600w\" sizes=\"auto, (max-width: 772px) 100vw, 772px\" \/> <img loading=\"lazy\" decoding=\"async\" class=\"aligncenter size-full wp-image-478\" src=\"https:\/\/ikincielesya.afacanbilgi.com\/cikma\/wp-content\/uploads\/2024\/07\/Salyangoz-Fan-Radyal-Motor-Emici-Ufleyici-Fan-Toz-AC-Aksiyel-2.png\" alt=\"\" width=\"770\" height=\"629\" title=\"\" srcset=\"https:\/\/ikincielesya.afacanbilgi.com\/cikma\/wp-content\/uploads\/2024\/07\/Salyangoz-Fan-Radyal-Motor-Emici-Ufleyici-Fan-Toz-AC-Aksiyel-2.png 770w, https:\/\/ikincielesya.afacanbilgi.com\/cikma\/wp-content\/uploads\/2024\/07\/Salyangoz-Fan-Radyal-Motor-Emici-Ufleyici-Fan-Toz-AC-Aksiyel-2-300x245.png 300w, https:\/\/ikincielesya.afacanbilgi.com\/cikma\/wp-content\/uploads\/2024\/07\/Salyangoz-Fan-Radyal-Motor-Emici-Ufleyici-Fan-Toz-AC-Aksiyel-2-768x627.png 768w, https:\/\/ikincielesya.afacanbilgi.com\/cikma\/wp-content\/uploads\/2024\/07\/Salyangoz-Fan-Radyal-Motor-Emici-Ufleyici-Fan-Toz-AC-Aksiyel-2-600x490.png 600w\" sizes=\"auto, (max-width: 770px) 100vw, 770px\" \/> <img loading=\"lazy\" decoding=\"async\" class=\"aligncenter size-full wp-image-479\" src=\"https:\/\/ikincielesya.afacanbilgi.com\/cikma\/wp-content\/uploads\/2024\/07\/Salyangoz-Fan-Radyal-Motor-Emici-Ufleyici-Fan-Toz-AC-Aksiyel-3.png\" alt=\"\" width=\"620\" height=\"632\" title=\"\" srcset=\"https:\/\/ikincielesya.afacanbilgi.com\/cikma\/wp-content\/uploads\/2024\/07\/Salyangoz-Fan-Radyal-Motor-Emici-Ufleyici-Fan-Toz-AC-Aksiyel-3.png 620w, https:\/\/ikincielesya.afacanbilgi.com\/cikma\/wp-content\/uploads\/2024\/07\/Salyangoz-Fan-Radyal-Motor-Emici-Ufleyici-Fan-Toz-AC-Aksiyel-3-294x300.png 294w, https:\/\/ikincielesya.afacanbilgi.com\/cikma\/wp-content\/uploads\/2024\/07\/Salyangoz-Fan-Radyal-Motor-Emici-Ufleyici-Fan-Toz-AC-Aksiyel-3-600x612.png 600w\" sizes=\"auto, (max-width: 620px) 100vw, 620px\" \/><\/p>\n","protected":false},"excerpt":{"rendered":"<p>Salyangoz Fan Radyal Motor Emici \u00dcfleyici Fan Toz AC Aksiyel Salyangoz Motor ve pervanenin aras\u0131nda bulunan so\u011futucu fan ile motor kendisini so\u011futur. Bu sayede fanlar ise 1832 y\u0131l\u0131nda icat edilmi\u015f y\u00fcksek bas\u0131n\u00e7l\u0131 hava olu\u015fturan ve daha y\u00fcksek enerji ile \u00e7al\u0131\u015fan fanlard\u0131r. Ayr\u0131ca aksiyel fanlarda hava motor yanmaz ve uzun s\u00fcre kullan\u0131labilir. Maksimum 120 \u00b0C s\u0131cakl\u0131\u011fa<\/p>\n","protected":false},"featured_media":477,"template":"","meta":[],"product_brand":[],"product_cat":[31],"product_tag":[],"class_list":{"0":"post-475","1":"product","2":"type-product","3":"status-publish","4":"has-post-thumbnail","6":"product_cat-ikinci-el-is-makineleri","8":"first","9":"instock","10":"sale","11":"shipping-taxable","12":"purchasable","13":"product-type-simple"},"_links":{"self":[{"href":"https:\/\/ikincielesya.afacanbilgi.com\/cikma\/wp-json\/wp\/v2\/product\/475","targetHints":{"allow":["GET"]}}],"collection":[{"href":"https:\/\/ikincielesya.afacanbilgi.com\/cikma\/wp-json\/wp\/v2\/product"}],"about":[{"href":"https:\/\/ikincielesya.afacanbilgi.com\/cikma\/wp-json\/wp\/v2\/types\/product"}],"wp:featuredmedia":[{"embeddable":true,"href":"https:\/\/ikincielesya.afacanbilgi.com\/cikma\/wp-json\/wp\/v2\/media\/477"}],"wp:attachment":[{"href":"https:\/\/ikincielesya.afacanbilgi.com\/cikma\/wp-json\/wp\/v2\/media?parent=475"}],"wp:term":[{"taxonomy":"product_brand","embeddable":true,"href":"https:\/\/ikincielesya.afacanbilgi.com\/cikma\/wp-json\/wp\/v2\/product_brand?post=475"},{"taxonomy":"product_cat","embeddable":true,"href":"https:\/\/ikincielesya.afacanbilgi.com\/cikma\/wp-json\/wp\/v2\/product_cat?post=475"},{"taxonomy":"product_tag","embeddable":true,"href":"https:\/\/ikincielesya.afacanbilgi.com\/cikma\/wp-json\/wp\/v2\/product_tag?post=475"}],"curies":[{"name":"wp","href":"https:\/\/api.w.org\/{rel}","templated":true}]}}