{"id":481,"date":"2024-07-26T10:06:56","date_gmt":"2024-07-26T07:06:56","guid":{"rendered":"https:\/\/ikincielesya.afacanbilgi.com\/cikma\/?post_type=product&#038;p=481"},"modified":"2024-07-26T10:06:56","modified_gmt":"2024-07-26T07:06:56","slug":"cuval-odun-kesilmis-cuvallanmis-300-adet-mese-gurgen-cuval-odunu","status":"publish","type":"product","link":"https:\/\/ikincielesya.afacanbilgi.com\/cikma\/urun\/cuval-odun-kesilmis-cuvallanmis-300-adet-mese-gurgen-cuval-odunu\/","title":{"rendered":"\u00c7uval odun kesilmi\u015f \u00e7uvallanm\u0131\u015f 300 adet me\u015fe g\u00fcrgen \u00e7uval odunu"},"content":{"rendered":"<p><img loading=\"lazy\" decoding=\"async\" class=\"aligncenter size-full wp-image-482\" src=\"https:\/\/ikincielesya.afacanbilgi.com\/cikma\/wp-content\/uploads\/2024\/07\/mese-gurgen-cuval-odunu-3.png\" alt=\"\" width=\"686\" height=\"630\" title=\"\" srcset=\"https:\/\/ikincielesya.afacanbilgi.com\/cikma\/wp-content\/uploads\/2024\/07\/mese-gurgen-cuval-odunu-3.png 686w, https:\/\/ikincielesya.afacanbilgi.com\/cikma\/wp-content\/uploads\/2024\/07\/mese-gurgen-cuval-odunu-3-300x276.png 300w, https:\/\/ikincielesya.afacanbilgi.com\/cikma\/wp-content\/uploads\/2024\/07\/mese-gurgen-cuval-odunu-3-600x551.png 600w\" sizes=\"auto, (max-width: 686px) 100vw, 686px\" \/> <img loading=\"lazy\" decoding=\"async\" class=\"aligncenter size-large wp-image-483\" src=\"https:\/\/ikincielesya.afacanbilgi.com\/cikma\/wp-content\/uploads\/2024\/07\/mese-gurgen-cuval-odunu-1.png\" alt=\"\" width=\"907\" height=\"623\" title=\"\" srcset=\"https:\/\/ikincielesya.afacanbilgi.com\/cikma\/wp-content\/uploads\/2024\/07\/mese-gurgen-cuval-odunu-1.png 907w, https:\/\/ikincielesya.afacanbilgi.com\/cikma\/wp-content\/uploads\/2024\/07\/mese-gurgen-cuval-odunu-1-300x206.png 300w, https:\/\/ikincielesya.afacanbilgi.com\/cikma\/wp-content\/uploads\/2024\/07\/mese-gurgen-cuval-odunu-1-768x528.png 768w, https:\/\/ikincielesya.afacanbilgi.com\/cikma\/wp-content\/uploads\/2024\/07\/mese-gurgen-cuval-odunu-1-600x412.png 600w\" sizes=\"auto, (max-width: 907px) 100vw, 907px\" \/> <img loading=\"lazy\" decoding=\"async\" class=\"aligncenter size-large wp-image-484\" src=\"https:\/\/ikincielesya.afacanbilgi.com\/cikma\/wp-content\/uploads\/2024\/07\/mese-gurgen-cuval-odunu-2-1024x563.png\" alt=\"\" width=\"1024\" height=\"563\" title=\"\" srcset=\"https:\/\/ikincielesya.afacanbilgi.com\/cikma\/wp-content\/uploads\/2024\/07\/mese-gurgen-cuval-odunu-2-1024x563.png 1024w, https:\/\/ikincielesya.afacanbilgi.com\/cikma\/wp-content\/uploads\/2024\/07\/mese-gurgen-cuval-odunu-2-300x165.png 300w, https:\/\/ikincielesya.afacanbilgi.com\/cikma\/wp-content\/uploads\/2024\/07\/mese-gurgen-cuval-odunu-2-768x422.png 768w, https:\/\/ikincielesya.afacanbilgi.com\/cikma\/wp-content\/uploads\/2024\/07\/mese-gurgen-cuval-odunu-2-600x330.png 600w, https:\/\/ikincielesya.afacanbilgi.com\/cikma\/wp-content\/uploads\/2024\/07\/mese-gurgen-cuval-odunu-2.png 1139w\" sizes=\"auto, (max-width: 1024px) 100vw, 1024px\" \/><\/p>\n","protected":false},"excerpt":{"rendered":"<p>me\u015fe g\u00fcrgen \u00e7uval odunu Orman \u00dcr\u00fcnleri ; kiraz odunu. 1.250 TL. Denizli, Honaz ; Sat\u0131l\u0131k palet k\u0131r\u0131\u011f\u0131. 110.000 TL. Kayseri, Me\u015fe odunu ne kadar s\u00fcre yanar?<br \/>\nYava\u015f yava\u015f yanar, i\u00e7indeki odunun miktar\u0131na g\u00f6re g\u00fcn \u00f6nemlidir. 1 ton koyarsan 3-5 g\u00fcnde yanar. 10 ton koyarsan 15 g\u00fcnde yanar.<\/p>\n","protected":false},"featured_media":482,"template":"","meta":[],"product_brand":[],"product_cat":[32],"product_tag":[],"class_list":{"0":"post-481","1":"product","2":"type-product","3":"status-publish","4":"has-post-thumbnail","6":"product_cat-ikinci-el-mobilya","8":"first","9":"instock","10":"sale","11":"shipping-taxable","12":"purchasable","13":"product-type-simple"},"_links":{"self":[{"href":"https:\/\/ikincielesya.afacanbilgi.com\/cikma\/wp-json\/wp\/v2\/product\/481","targetHints":{"allow":["GET"]}}],"collection":[{"href":"https:\/\/ikincielesya.afacanbilgi.com\/cikma\/wp-json\/wp\/v2\/product"}],"about":[{"href":"https:\/\/ikincielesya.afacanbilgi.com\/cikma\/wp-json\/wp\/v2\/types\/product"}],"wp:featuredmedia":[{"embeddable":true,"href":"https:\/\/ikincielesya.afacanbilgi.com\/cikma\/wp-json\/wp\/v2\/media\/482"}],"wp:attachment":[{"href":"https:\/\/ikincielesya.afacanbilgi.com\/cikma\/wp-json\/wp\/v2\/media?parent=481"}],"wp:term":[{"taxonomy":"product_brand","embeddable":true,"href":"https:\/\/ikincielesya.afacanbilgi.com\/cikma\/wp-json\/wp\/v2\/product_brand?post=481"},{"taxonomy":"product_cat","embeddable":true,"href":"https:\/\/ikincielesya.afacanbilgi.com\/cikma\/wp-json\/wp\/v2\/product_cat?post=481"},{"taxonomy":"product_tag","embeddable":true,"href":"https:\/\/ikincielesya.afacanbilgi.com\/cikma\/wp-json\/wp\/v2\/product_tag?post=481"}],"curies":[{"name":"wp","href":"https:\/\/api.w.org\/{rel}","templated":true}]}}