{"id":519,"date":"2024-10-02T17:11:05","date_gmt":"2024-10-02T14:11:05","guid":{"rendered":"https:\/\/ikincielesya.afacanbilgi.com\/cikma\/?post_type=product&#038;p=519"},"modified":"2024-10-02T17:11:47","modified_gmt":"2024-10-02T14:11:47","slug":"cikma-demir-kapi","status":"publish","type":"product","link":"https:\/\/ikincielesya.afacanbilgi.com\/cikma\/urun\/cikma-demir-kapi\/","title":{"rendered":"\u00c7\u0131kma demir kap\u0131 Kanatl\u0131 kap\u0131 Kentsel d\u00f6n\u00fc\u015f\u00fcme giren binalar\u0131n\u0131zdan \u00e7\u0131kan"},"content":{"rendered":"","protected":false},"excerpt":{"rendered":"<p><strong>\u00e7\u0131kma demir kap\u0131 ikinci el demir kap\u0131, pencere, korkuluk,<\/strong> Ah\u015fap, \u00e7elik ve demir gibi farkl\u0131 malzemelerden yap\u0131lan ikinci el \u00e7\u0131kma kap\u0131lara ula\u015fman\u0131z tahta kap\u0131. 1.500 TL. Hatay, Defne Dolap Kap\u0131lar\u0131 I\u00e7in Kam Tasar\u0131ml\u0131 Raydan \u00c7\u0131kmay\u0131 \u00d6nleyici Dolap Makaral\u0131 Tekerlekler Bah\u00e7e kap\u0131s\u0131 S\u00fcrg\u00fcl\u00fc kap\u0131 Kanatl\u0131 kap\u0131 Kentsel d\u00f6n\u00fc\u015f\u00fcme giren binalar\u0131n\u0131zdan \u00e7\u0131kan t\u00fcm ikinci el e\u015fyalar\u0131n\u0131z de\u011ferinde al\u0131n\u0131r. Bah\u00e7e kap\u0131s\u0131 S\u00fcrg\u00fcl\u00fc Sat\u0131\u015fa sundu\u011fumuz Pendik \u00e7\u0131kma demir kap\u0131 modelleri temizli\u011fi yap\u0131lm\u0131\u015f ve \u00fczerinde s\u0131f\u0131r boya<\/p>\n","protected":false},"featured_media":522,"template":"","meta":[],"product_brand":[],"product_cat":[15],"product_tag":[],"class_list":{"0":"post-519","1":"product","2":"type-product","3":"status-publish","4":"has-post-thumbnail","6":"product_cat-ikinci-el-esya","8":"first","9":"instock","10":"sale","11":"shipping-taxable","12":"purchasable","13":"product-type-simple"},"_links":{"self":[{"href":"https:\/\/ikincielesya.afacanbilgi.com\/cikma\/wp-json\/wp\/v2\/product\/519","targetHints":{"allow":["GET"]}}],"collection":[{"href":"https:\/\/ikincielesya.afacanbilgi.com\/cikma\/wp-json\/wp\/v2\/product"}],"about":[{"href":"https:\/\/ikincielesya.afacanbilgi.com\/cikma\/wp-json\/wp\/v2\/types\/product"}],"wp:featuredmedia":[{"embeddable":true,"href":"https:\/\/ikincielesya.afacanbilgi.com\/cikma\/wp-json\/wp\/v2\/media\/522"}],"wp:attachment":[{"href":"https:\/\/ikincielesya.afacanbilgi.com\/cikma\/wp-json\/wp\/v2\/media?parent=519"}],"wp:term":[{"taxonomy":"product_brand","embeddable":true,"href":"https:\/\/ikincielesya.afacanbilgi.com\/cikma\/wp-json\/wp\/v2\/product_brand?post=519"},{"taxonomy":"product_cat","embeddable":true,"href":"https:\/\/ikincielesya.afacanbilgi.com\/cikma\/wp-json\/wp\/v2\/product_cat?post=519"},{"taxonomy":"product_tag","embeddable":true,"href":"https:\/\/ikincielesya.afacanbilgi.com\/cikma\/wp-json\/wp\/v2\/product_tag?post=519"}],"curies":[{"name":"wp","href":"https:\/\/api.w.org\/{rel}","templated":true}]}}