{"id":536,"date":"2024-10-21T16:03:44","date_gmt":"2024-10-21T13:03:44","guid":{"rendered":"https:\/\/ikincielesya.afacanbilgi.com\/cikma\/?post_type=product&#038;p=536"},"modified":"2024-10-21T16:03:44","modified_gmt":"2024-10-21T13:03:44","slug":"ikinci-el-tertemiz-makine-maske-lastik-takma-makinesi-tam-otomatik","status":"publish","type":"product","link":"https:\/\/ikincielesya.afacanbilgi.com\/cikma\/urun\/ikinci-el-tertemiz-makine-maske-lastik-takma-makinesi-tam-otomatik\/","title":{"rendered":"\u0130kinci el tertemiz makine Maske Lastik Takma Makinesi Tam Otomatik"},"content":{"rendered":"<p><img loading=\"lazy\" decoding=\"async\" class=\"aligncenter size-full wp-image-539\" src=\"https:\/\/ikincielesya.afacanbilgi.com\/cikma\/wp-content\/uploads\/2024\/10\/Maske-Lastik-Takma-Makinesi-Tam-Otomatik-2.png\" alt=\"\" width=\"729\" height=\"538\" title=\"\" srcset=\"https:\/\/ikincielesya.afacanbilgi.com\/cikma\/wp-content\/uploads\/2024\/10\/Maske-Lastik-Takma-Makinesi-Tam-Otomatik-2.png 729w, https:\/\/ikincielesya.afacanbilgi.com\/cikma\/wp-content\/uploads\/2024\/10\/Maske-Lastik-Takma-Makinesi-Tam-Otomatik-2-300x221.png 300w, https:\/\/ikincielesya.afacanbilgi.com\/cikma\/wp-content\/uploads\/2024\/10\/Maske-Lastik-Takma-Makinesi-Tam-Otomatik-2-600x443.png 600w\" sizes=\"auto, (max-width: 729px) 100vw, 729px\" \/><\/p>\n","protected":false},"excerpt":{"rendered":"<p><strong>Maske Lastik Takma Makinesi Tam Otomatik Bunlar,<\/strong> tam otomatik ikinci el maske makinas\u0131, yar\u0131 otomatik maske makinas\u0131 ve manuel maske makinas\u0131 olarak isimlendirilir. MASKE MAK\u0130NASI MARKALARI \u0130kinci el ve s\u0131f\u0131r Maske Makinas\u0131 \u00e7e\u015fitlerini g\u00fcvenilir makine sat\u0131c\u0131lar\u0131ndan ve sahibinden uygun fiyatlarla End\u00fcstri Makineleri\u00a0 Otomotiv \u00b7 Elektron marka punta atma makinesi 13 bin <strong><a href=\"https:\/\/tr.wikipedia.org\/wiki\/Amper\">amper<\/a><\/strong> Maske boyutuna g\u00f6re ayarlama yap\u0131labilir. H\u0131z,g\u00fc\u00e7 ve frekans ayar\u0131n\u0131 ekrandan yapabilirsiniz. Manuel<\/p>\n","protected":false},"featured_media":537,"template":"","meta":[],"product_brand":[],"product_cat":[31],"product_tag":[],"class_list":{"0":"post-536","1":"product","2":"type-product","3":"status-publish","4":"has-post-thumbnail","6":"product_cat-ikinci-el-is-makineleri","8":"first","9":"instock","10":"sale","11":"shipping-taxable","12":"purchasable","13":"product-type-simple"},"_links":{"self":[{"href":"https:\/\/ikincielesya.afacanbilgi.com\/cikma\/wp-json\/wp\/v2\/product\/536","targetHints":{"allow":["GET"]}}],"collection":[{"href":"https:\/\/ikincielesya.afacanbilgi.com\/cikma\/wp-json\/wp\/v2\/product"}],"about":[{"href":"https:\/\/ikincielesya.afacanbilgi.com\/cikma\/wp-json\/wp\/v2\/types\/product"}],"wp:featuredmedia":[{"embeddable":true,"href":"https:\/\/ikincielesya.afacanbilgi.com\/cikma\/wp-json\/wp\/v2\/media\/537"}],"wp:attachment":[{"href":"https:\/\/ikincielesya.afacanbilgi.com\/cikma\/wp-json\/wp\/v2\/media?parent=536"}],"wp:term":[{"taxonomy":"product_brand","embeddable":true,"href":"https:\/\/ikincielesya.afacanbilgi.com\/cikma\/wp-json\/wp\/v2\/product_brand?post=536"},{"taxonomy":"product_cat","embeddable":true,"href":"https:\/\/ikincielesya.afacanbilgi.com\/cikma\/wp-json\/wp\/v2\/product_cat?post=536"},{"taxonomy":"product_tag","embeddable":true,"href":"https:\/\/ikincielesya.afacanbilgi.com\/cikma\/wp-json\/wp\/v2\/product_tag?post=536"}],"curies":[{"name":"wp","href":"https:\/\/api.w.org\/{rel}","templated":true}]}}